{"id":12,"date":"2021-10-07T14:20:46","date_gmt":"2021-10-07T12:20:46","guid":{"rendered":"https:\/\/oggau.insyde.at\/?page_id=12"},"modified":"2025-08-28T14:11:30","modified_gmt":"2025-08-28T12:11:30","slug":"gemeinde-oggau","status":"publish","type":"page","link":"https:\/\/www.oggau.at\/gemeinde\/","title":{"rendered":"Gemeinde Oggau"},"content":{"rendered":"<p>[vc_row][vc_column][vc_column_text]<\/p>\n<h1>HERZLICH<br \/>\nWILLKOMMEN<\/h1>\n<p>[\/vc_column_text][vc_column_text]Als B\u00fcrgermeister darf ich Sie auf der Website der <strong>Marktgemeinde Oggau am Neusiedler See<\/strong> willkommen hei\u00dfen.<br \/>\nIch lade Sie ein, sich hier erste Eindr\u00fccke von unserer lebens- und liebenswerten Gemeinde zu verschaffen. Oggau ist eine Gemeinde mit einer hohen Lebens- und Wohnqualit\u00e4t, wo sich die Menschen wohlf\u00fchlen. Den Einheimischen und unseren G\u00e4sten stehen moderne Freizeiteinrichtungen zur Verf\u00fcgung, wie zum Beispiel unser beliebtes Schwimmbad. Zahlreiche Touristen besuchen unsere Gemeinde auch des erstklassigen Weins wegen \u2013 immerhin ist Oggau die \u00e4lteste Rotweingemeinde \u00d6sterreichs.<\/p>\n<p>Als B\u00fcrgermeister w\u00fcnsche ich Ihnen einen sch\u00f6nen Aufenthalt in Oggau am Neusiedler See.<\/p>\n<p>Herzlichst<br \/>\nIhr Ing. Thomas Schmid[\/vc_column_text][\/vc_column][\/vc_row][vc_row][vc_column width=&#8220;1\/3&#8243;][vc_basic_grid post_type=&#8220;post&#8220; max_items=&#8220;1&#8243; style=&#8220;load-more&#8220; items_per_page=&#8220;6&#8243; element_width=&#8220;12&#8243; gap=&#8220;0&#8243; item=&#8220;387&#8243; btn_shape=&#8220;square&#8220; btn_color=&#8220;white&#8220; grid_id=&#8220;vc_gid:1738911271780-6e8d899a-d209-7&#8243; taxonomies=&#8220;4&#8243; el_class=&#8220;aktuelles_gemeinde&#8220;][\/vc_column][vc_column width=&#8220;1\/3&#8243;][vc_basic_grid post_type=&#8220;post&#8220; max_items=&#8220;1&#8243; style=&#8220;load-more&#8220; items_per_page=&#8220;6&#8243; element_width=&#8220;12&#8243; gap=&#8220;0&#8243; item=&#8220;387&#8243; btn_shape=&#8220;square&#8220; btn_color=&#8220;white&#8220; grid_id=&#8220;vc_gid:1738911271781-9c623a20-c652-0&#8243; taxonomies=&#8220;6&#8243; el_class=&#8220;aktuelles_gemeinde&#8220;][\/vc_column][vc_column width=&#8220;1\/3&#8243;][vc_basic_grid post_type=&#8220;post&#8220; max_items=&#8220;1&#8243; style=&#8220;load-more&#8220; items_per_page=&#8220;6&#8243; element_width=&#8220;12&#8243; gap=&#8220;0&#8243; item=&#8220;387&#8243; btn_shape=&#8220;square&#8220; btn_color=&#8220;white&#8220; grid_id=&#8220;vc_gid:1738911271781-e913025e-4d77-9&#8243; taxonomies=&#8220;5&#8243; el_class=&#8220;aktuelles_gemeinde&#8220;][\/vc_column][\/vc_row][vc_row][vc_column][vc_column_text]<\/p>\n<h2>OGGAU GUTSCHEIN<\/h2>\n<p>[\/vc_column_text][vc_column_text]Ob Geburtstag, Weihnachten oder sonstige Feierlichkeiten, auch Sie k\u00f6nnen Ihren Lieben, Freunde &amp; Bekannten mit dem Oggau Gutschein \u00fcberraschen. Der Oggau Gutschein wird in zahlreichen Oggauer Betrieben, vom Gastronomiebetrieb, Weinbauern \u00fcber Zimmervermieter bis hin zum Gewerbebetrieb akzeptiert. Eine \u00dcbersicht, wo Sie den Oggau Gutschein \u00fcberall einl\u00f6sen k\u00f6nnen, finden Sie <a href=\"https:\/\/oggau.at\/gemeinde\/wp-content\/uploads\/sites\/3\/2021\/11\/Betriebe-zur-Gutscheineinloese-18.11.2021.pdf\" target=\"_blank\" rel=\"noopener\">hier.<\/a><\/p>\n<p>Der Oggau Gutschein kann pro St\u00fcck mit einem Wert von \u20ac 5,- oder \u20ac 10,- erworben werden. Sie k\u00f6nnen diesen Gutschein im Gemeindeamt Oggau, Raiffeisenbank Oggau oder hier online kaufen.<\/p>\n<p><strong><a href=\"https:\/\/oggau.at\/gemeinde\/oggau-gutschein\/\">Hier geht\u2019s direkt zur Gutscheinbestellung<\/a><\/strong> und er wird Ihnen anschlie\u00dfend per Post zugesendet.[\/vc_column_text][\/vc_column][\/vc_row]<\/p>\n","protected":false},"excerpt":{"rendered":"<p>[vc_row][vc_column][vc_column_text] HERZLICH WILLKOMMEN [\/vc_column_text][vc_column_text]Als B\u00fcrgermeister darf ich Sie auf der Website der Marktgemeinde Oggau am Neusiedler See willkommen hei\u00dfen. Ich lade Sie ein, sich hier erste Eindr\u00fccke von unserer lebens- und liebenswerten Gemeinde zu verschaffen. Oggau ist eine Gemeinde mit einer hohen Lebens- und Wohnqualit\u00e4t, wo sich die Menschen wohlf\u00fchlen. Den Einheimischen und unseren G\u00e4sten [&hellip;]<\/p>\n","protected":false},"author":2,"featured_media":57,"parent":0,"menu_order":0,"comment_status":"closed","ping_status":"closed","template":"","meta":{"ocean_post_layout":"","ocean_both_sidebars_style":"","ocean_both_sidebars_content_width":0,"ocean_both_sidebars_sidebars_width":0,"ocean_sidebar":"0","ocean_second_sidebar":"0","ocean_disable_margins":"enable","ocean_add_body_class":"","ocean_shortcode_before_top_bar":"","ocean_shortcode_after_top_bar":"","ocean_shortcode_before_header":"","ocean_shortcode_after_header":"","ocean_has_shortcode":"","ocean_shortcode_after_title":"","ocean_shortcode_before_footer_widgets":"","ocean_shortcode_after_footer_widgets":"","ocean_shortcode_before_footer_bottom":"","ocean_shortcode_after_footer_bottom":"","ocean_display_top_bar":"default","ocean_display_header":"default","ocean_header_style":"","ocean_center_header_left_menu":"0","ocean_custom_header_template":"0","ocean_custom_logo":0,"ocean_custom_retina_logo":0,"ocean_custom_logo_max_width":0,"ocean_custom_logo_tablet_max_width":0,"ocean_custom_logo_mobile_max_width":0,"ocean_custom_logo_max_height":0,"ocean_custom_logo_tablet_max_height":0,"ocean_custom_logo_mobile_max_height":0,"ocean_header_custom_menu":"0","ocean_menu_typo_font_family":"0","ocean_menu_typo_font_subset":"","ocean_menu_typo_font_size":0,"ocean_menu_typo_font_size_tablet":0,"ocean_menu_typo_font_size_mobile":0,"ocean_menu_typo_font_size_unit":"px","ocean_menu_typo_font_weight":"","ocean_menu_typo_font_weight_tablet":"","ocean_menu_typo_font_weight_mobile":"","ocean_menu_typo_transform":"","ocean_menu_typo_transform_tablet":"","ocean_menu_typo_transform_mobile":"","ocean_menu_typo_line_height":0,"ocean_menu_typo_line_height_tablet":0,"ocean_menu_typo_line_height_mobile":0,"ocean_menu_typo_line_height_unit":"","ocean_menu_typo_spacing":0,"ocean_menu_typo_spacing_tablet":0,"ocean_menu_typo_spacing_mobile":0,"ocean_menu_typo_spacing_unit":"","ocean_menu_link_color":"","ocean_menu_link_color_hover":"","ocean_menu_link_color_active":"","ocean_menu_link_background":"","ocean_menu_link_hover_background":"","ocean_menu_link_active_background":"","ocean_menu_social_links_bg":"","ocean_menu_social_hover_links_bg":"","ocean_menu_social_links_color":"","ocean_menu_social_hover_links_color":"","ocean_disable_title":"default","ocean_disable_heading":"default","ocean_post_title":"","ocean_post_subheading":"","ocean_post_title_style":"","ocean_post_title_background_color":"","ocean_post_title_background":0,"ocean_post_title_bg_image_position":"","ocean_post_title_bg_image_attachment":"","ocean_post_title_bg_image_repeat":"","ocean_post_title_bg_image_size":"","ocean_post_title_height":0,"ocean_post_title_bg_overlay":0.5,"ocean_post_title_bg_overlay_color":"","ocean_disable_breadcrumbs":"default","ocean_breadcrumbs_color":"","ocean_breadcrumbs_separator_color":"","ocean_breadcrumbs_links_color":"","ocean_breadcrumbs_links_hover_color":"","ocean_display_footer_widgets":"default","ocean_display_footer_bottom":"default","ocean_custom_footer_template":"0","footnotes":"","_links_to":"","_links_to_target":""},"_links":{"self":[{"href":"https:\/\/www.oggau.at\/gemeinde\/wp-json\/wp\/v2\/pages\/12"}],"collection":[{"href":"https:\/\/www.oggau.at\/gemeinde\/wp-json\/wp\/v2\/pages"}],"about":[{"href":"https:\/\/www.oggau.at\/gemeinde\/wp-json\/wp\/v2\/types\/page"}],"author":[{"embeddable":true,"href":"https:\/\/www.oggau.at\/gemeinde\/wp-json\/wp\/v2\/users\/2"}],"replies":[{"embeddable":true,"href":"https:\/\/www.oggau.at\/gemeinde\/wp-json\/wp\/v2\/comments?post=12"}],"version-history":[{"count":11,"href":"https:\/\/www.oggau.at\/gemeinde\/wp-json\/wp\/v2\/pages\/12\/revisions"}],"predecessor-version":[{"id":587,"href":"https:\/\/www.oggau.at\/gemeinde\/wp-json\/wp\/v2\/pages\/12\/revisions\/587"}],"wp:featuredmedia":[{"embeddable":true,"href":"https:\/\/www.oggau.at\/gemeinde\/wp-json\/wp\/v2\/media\/57"}],"wp:attachment":[{"href":"https:\/\/www.oggau.at\/gemeinde\/wp-json\/wp\/v2\/media?parent=12"}],"curies":[{"name":"wp","href":"https:\/\/api.w.org\/{rel}","templated":true}]}}