{"id":139,"date":"2021-10-12T11:04:29","date_gmt":"2021-10-12T09:04:29","guid":{"rendered":"https:\/\/oggau.insyde.at\/gemeinde\/?page_id=139"},"modified":"2021-11-29T15:39:26","modified_gmt":"2021-11-29T14:39:26","slug":"freizeit","status":"publish","type":"page","link":"https:\/\/www.oggau.at\/gemeinde\/freizeit\/","title":{"rendered":"Freizeit"},"content":{"rendered":"<p>[vc_row][vc_column][vc_column_text]<\/p>\n<h1>FREIZEIT<\/h1>\n<p>Oggau bietet eine Vielzahl an Freizeitm\u00f6glichkeiten f\u00fcr Gro\u00df und Klein an. Besonders beliebt im Sommer, ist unser solarbeheiztes Schwimmbad mit vielen schattigen Liegefl\u00e4chen und Attraktionen. Ganzj\u00e4hrig nutzen Familien gerne unsere Kinderspielpl\u00e4tze und unser neuer Fitnessparcours steht jedem Aktivit\u00e4tsfan jederzeit zur Verf\u00fcgung. Bewegung macht Spa\u00df und f\u00f6rdert die Gesundheit \u2013 nutzen Sie unser Angebot.[\/vc_column_text][\/vc_column][\/vc_row][vc_row equal_height=&#8220;yes&#8220;][vc_column width=&#8220;1\/3&#8243;][vc_single_image image=&#8220;141&#8243; img_size=&#8220;full&#8220; onclick=&#8220;custom_link&#8220; link=&#8220;https:\/\/oggau.at\/gemeinde\/freizeit\/freizeit-detail#schwimmbad&#8220; css=&#8220;.vc_custom_1638196742037{margin-bottom: 0px !important;}&#8220;][vc_column_text]<\/p>\n<h2><a href=\"https:\/\/oggau.at\/gemeinde\/freizeit\/freizeit-detail#schwimmbad\">SCHWIMMBAD <span class=\"blue\">&gt;<\/span><\/a><\/h2>\n<p>[\/vc_column_text][\/vc_column][vc_column width=&#8220;1\/3&#8243;][vc_single_image image=&#8220;142&#8243; img_size=&#8220;full&#8220; onclick=&#8220;custom_link&#8220; link=&#8220;https:\/\/oggau.at\/gemeinde\/freizeit\/freizeit-detail#fitness&#8220; css=&#8220;.vc_custom_1638196752601{margin-bottom: 0px !important;}&#8220;][vc_column_text]<\/p>\n<h2><a href=\"https:\/\/oggau.at\/gemeinde\/freizeit\/freizeit-detail#fitness\">FITNESSPARCOURS <span class=\"blue\">&gt;<\/span><\/a><\/h2>\n<p>[\/vc_column_text][\/vc_column][vc_column width=&#8220;1\/3&#8243;][vc_single_image image=&#8220;373&#8243; img_size=&#8220;full&#8220; onclick=&#8220;custom_link&#8220; link=&#8220;https:\/\/oggau.at\/gemeinde\/freizeit\/freizeit-detail#spielplatz&#8220; css=&#8220;.vc_custom_1638196765282{margin-bottom: 0px !important;}&#8220;][vc_column_text]<\/p>\n<h2><a href=\"https:\/\/oggau.at\/gemeinde\/freizeit\/freizeit-detail#spielplatz\">KINDERSPIELPL\u00c4TZE <span class=\"blue\">&gt;<\/span><\/a><\/h2>\n<p>[\/vc_column_text][\/vc_column][\/vc_row]<\/p>\n","protected":false},"excerpt":{"rendered":"<p>[vc_row][vc_column][vc_column_text] FREIZEIT Oggau bietet eine Vielzahl an Freizeitm\u00f6glichkeiten f\u00fcr Gro\u00df und Klein an. Besonders beliebt im Sommer, ist unser solarbeheiztes Schwimmbad mit vielen schattigen Liegefl\u00e4chen und Attraktionen. Ganzj\u00e4hrig nutzen Familien gerne unsere Kinderspielpl\u00e4tze und unser neuer Fitnessparcours steht jedem Aktivit\u00e4tsfan jederzeit zur Verf\u00fcgung. Bewegung macht Spa\u00df und f\u00f6rdert die Gesundheit \u2013 nutzen Sie unser Angebot.[\/vc_column_text][\/vc_column][\/vc_row][vc_row [&hellip;]<\/p>\n","protected":false},"author":1,"featured_media":140,"parent":0,"menu_order":0,"comment_status":"closed","ping_status":"closed","template":"","meta":{"ocean_post_layout":"","ocean_both_sidebars_style":"","ocean_both_sidebars_content_width":0,"ocean_both_sidebars_sidebars_width":0,"ocean_sidebar":"0","ocean_second_sidebar":"0","ocean_disable_margins":"enable","ocean_add_body_class":"","ocean_shortcode_before_top_bar":"","ocean_shortcode_after_top_bar":"","ocean_shortcode_before_header":"","ocean_shortcode_after_header":"","ocean_has_shortcode":"","ocean_shortcode_after_title":"","ocean_shortcode_before_footer_widgets":"","ocean_shortcode_after_footer_widgets":"","ocean_shortcode_before_footer_bottom":"","ocean_shortcode_after_footer_bottom":"","ocean_display_top_bar":"default","ocean_display_header":"default","ocean_header_style":"","ocean_center_header_left_menu":"0","ocean_custom_header_template":"0","ocean_custom_logo":0,"ocean_custom_retina_logo":0,"ocean_custom_logo_max_width":0,"ocean_custom_logo_tablet_max_width":0,"ocean_custom_logo_mobile_max_width":0,"ocean_custom_logo_max_height":0,"ocean_custom_logo_tablet_max_height":0,"ocean_custom_logo_mobile_max_height":0,"ocean_header_custom_menu":"0","ocean_menu_typo_font_family":"0","ocean_menu_typo_font_subset":"","ocean_menu_typo_font_size":0,"ocean_menu_typo_font_size_tablet":0,"ocean_menu_typo_font_size_mobile":0,"ocean_menu_typo_font_size_unit":"px","ocean_menu_typo_font_weight":"","ocean_menu_typo_font_weight_tablet":"","ocean_menu_typo_font_weight_mobile":"","ocean_menu_typo_transform":"","ocean_menu_typo_transform_tablet":"","ocean_menu_typo_transform_mobile":"","ocean_menu_typo_line_height":0,"ocean_menu_typo_line_height_tablet":0,"ocean_menu_typo_line_height_mobile":0,"ocean_menu_typo_line_height_unit":"","ocean_menu_typo_spacing":0,"ocean_menu_typo_spacing_tablet":0,"ocean_menu_typo_spacing_mobile":0,"ocean_menu_typo_spacing_unit":"","ocean_menu_link_color":"","ocean_menu_link_color_hover":"","ocean_menu_link_color_active":"","ocean_menu_link_background":"","ocean_menu_link_hover_background":"","ocean_menu_link_active_background":"","ocean_menu_social_links_bg":"","ocean_menu_social_hover_links_bg":"","ocean_menu_social_links_color":"","ocean_menu_social_hover_links_color":"","ocean_disable_title":"default","ocean_disable_heading":"default","ocean_post_title":"","ocean_post_subheading":"","ocean_post_title_style":"","ocean_post_title_background_color":"","ocean_post_title_background":0,"ocean_post_title_bg_image_position":"","ocean_post_title_bg_image_attachment":"","ocean_post_title_bg_image_repeat":"","ocean_post_title_bg_image_size":"","ocean_post_title_height":0,"ocean_post_title_bg_overlay":0.5,"ocean_post_title_bg_overlay_color":"","ocean_disable_breadcrumbs":"default","ocean_breadcrumbs_color":"","ocean_breadcrumbs_separator_color":"","ocean_breadcrumbs_links_color":"","ocean_breadcrumbs_links_hover_color":"","ocean_display_footer_widgets":"default","ocean_display_footer_bottom":"default","ocean_custom_footer_template":"0","footnotes":"","_links_to":"","_links_to_target":""},"_links":{"self":[{"href":"https:\/\/www.oggau.at\/gemeinde\/wp-json\/wp\/v2\/pages\/139"}],"collection":[{"href":"https:\/\/www.oggau.at\/gemeinde\/wp-json\/wp\/v2\/pages"}],"about":[{"href":"https:\/\/www.oggau.at\/gemeinde\/wp-json\/wp\/v2\/types\/page"}],"author":[{"embeddable":true,"href":"https:\/\/www.oggau.at\/gemeinde\/wp-json\/wp\/v2\/users\/1"}],"replies":[{"embeddable":true,"href":"https:\/\/www.oggau.at\/gemeinde\/wp-json\/wp\/v2\/comments?post=139"}],"version-history":[{"count":8,"href":"https:\/\/www.oggau.at\/gemeinde\/wp-json\/wp\/v2\/pages\/139\/revisions"}],"predecessor-version":[{"id":436,"href":"https:\/\/www.oggau.at\/gemeinde\/wp-json\/wp\/v2\/pages\/139\/revisions\/436"}],"wp:featuredmedia":[{"embeddable":true,"href":"https:\/\/www.oggau.at\/gemeinde\/wp-json\/wp\/v2\/media\/140"}],"wp:attachment":[{"href":"https:\/\/www.oggau.at\/gemeinde\/wp-json\/wp\/v2\/media?parent=139"}],"curies":[{"name":"wp","href":"https:\/\/api.w.org\/{rel}","templated":true}]}}