{"id":150,"date":"2021-10-12T11:23:14","date_gmt":"2021-10-12T09:23:14","guid":{"rendered":"https:\/\/oggau.insyde.at\/gemeinde\/?page_id=150"},"modified":"2026-01-14T14:21:37","modified_gmt":"2026-01-14T13:21:37","slug":"politik","status":"publish","type":"page","link":"https:\/\/www.oggau.at\/gemeinde\/politik\/","title":{"rendered":"Politik"},"content":{"rendered":"<p>[vc_row][vc_column][vc_column_text]<\/p>\n<h1>POLITIK<\/h1>\n<p>Der Oggauer Gemeinderat hat 21 Mandate. Davon entfallen 14 Mandate auf die SP\u00d6, 6 Mandate auf die \u00d6VP und 1 Mandat auf die BFO.<\/p>\n<p><strong>Bgm. Ing. Thomas Schmid (SP\u00d6)<\/strong><br \/>\nTel.:<a href=\"tel:0043268572015\"> 02685\/7201-5<\/a><br \/>\nMobiltel.: <a href=\"tel:06641385605\">0664\/1385605<\/a><br \/>\nE-mail:<a href=\"mailto:post@oggau-neusiedler-see.bgld.gv.at\"> post@oggau-neusiedler-see.bgld.gv.at<\/a><br \/>\nSprechstunden des B\u00fcrgermeisters:<br \/>\nFreitag von 09.00 bis 13.00 Uhr<br \/>\noder nach telefonischer Terminvereinbarung[\/vc_column_text][vc_column_text]<strong>GEMEINDE VORST\u00c4NDE<\/strong><\/p>\n<p>B\u00fcrgermeister Ing. Thomas Schmid (SP\u00d6)<br \/>\nVizeb\u00fcrgermeister Harald Zinkl (SP\u00d6)<br \/>\nGemeindevorstand Mario Sallmutter (\u00d6VP)<br \/>\nGemeindevorst\u00e4ndin Gabriele Hirschmann (SP\u00d6)<br \/>\nGemeindevorstand Alexander Kucher (SP\u00d6)<br \/>\nGemeindevorstand Thomas Wimmer (\u00d6VP)<br \/>\nGemeindevorstand Franz Dinhof (SP\u00d6)[\/vc_column_text][vc_column_text]<strong>GEMEINDERAT<\/strong><br \/>\nDem Oggauer Gemeinderat geh\u00f6ren 21 Mandatare sowie 3 Ersatzmandatare an. Der Gemeinderat tritt in regelm\u00e4\u00dfigen Abst\u00e4nden zu \u00f6ffentlichen Gemeinderatssitzungen zusammen.[\/vc_column_text][vc_row_inner][vc_column_inner width=&#8220;1\/2&#8243;][vc_column_text]<strong>Sozialdemokratische Partei \u00d6sterreichs (SP\u00d6)<\/strong><br \/>\nBgm. Ing. Thomas Schmid<br \/>\nVzbgm. Harald Zinkl<br \/>\nGemeindevorst\u00e4ndin Gabriele Hirschmann<br \/>\nGemeindevorstand Alexander Kucher<br \/>\nGemeindevorstand Franz Dinhof<br \/>\nGemeinderat Erich Krumpeck<br \/>\nGemeinder\u00e4tin Lisa-Maria Weigl<br \/>\nGemeinderat Ing. Ren\u00e9 Kruckenfellner<br \/>\nGemeinderat Anton Frech<br \/>\nGemeinderat Christian Kucher<br \/>\nGemeinder\u00e4tin Judith Reinprecht<br \/>\nGemeinderat Ing. Gerald M\u00f6th<br \/>\nGemeinderat Ren\u00e9 Zechmeister<br \/>\nGemeinderat Ing. Martin Smietana<br \/>\nErsatzgemeinderat Werner Pinter[\/vc_column_text][\/vc_column_inner][vc_column_inner width=&#8220;1\/2&#8243;][vc_column_text]<strong>\u00d6sterreichische Volkspartei (\u00d6VP)<\/strong><br \/>\nGemeindevorstand Mario Sallmutter<br \/>\nGemeindevorstand Thomas Wimmer<br \/>\nGemeinderat Bernd Jellasitz<br \/>\nGemeinderat Ing. Nikolaus Praunseis<br \/>\nGemeinderat Johannes Schmit<br \/>\nGemeinder\u00e4tin Martha Waldek<\/p>\n<p>&nbsp;<\/p>\n<p><strong>B\u00fcrgerforum Oggau (BFO)<\/strong><br \/>\nGemeinderat Dipl.-Wirtschaftsing. (FH) Thomas Gruber<br \/>\nErsatzgemeinderat DI (FH) Andreas Gruber, MA[\/vc_column_text][\/vc_column_inner][\/vc_row_inner][\/vc_column][\/vc_row]<\/p>\n","protected":false},"excerpt":{"rendered":"<p>[vc_row][vc_column][vc_column_text] POLITIK Der Oggauer Gemeinderat hat 21 Mandate. Davon entfallen 14 Mandate auf die SP\u00d6, 6 Mandate auf die \u00d6VP und 1 Mandat auf die BFO. Bgm. Ing. Thomas Schmid (SP\u00d6) Tel.: 02685\/7201-5 Mobiltel.: 0664\/1385605 E-mail: post@oggau-neusiedler-see.bgld.gv.at Sprechstunden des B\u00fcrgermeisters: Freitag von 09.00 bis 13.00 Uhr oder nach telefonischer Terminvereinbarung[\/vc_column_text][vc_column_text]GEMEINDE VORST\u00c4NDE B\u00fcrgermeister Ing. Thomas Schmid [&hellip;]<\/p>\n","protected":false},"author":1,"featured_media":153,"parent":0,"menu_order":0,"comment_status":"closed","ping_status":"closed","template":"","meta":{"ocean_post_layout":"","ocean_both_sidebars_style":"","ocean_both_sidebars_content_width":0,"ocean_both_sidebars_sidebars_width":0,"ocean_sidebar":"0","ocean_second_sidebar":"0","ocean_disable_margins":"enable","ocean_add_body_class":"","ocean_shortcode_before_top_bar":"","ocean_shortcode_after_top_bar":"","ocean_shortcode_before_header":"","ocean_shortcode_after_header":"","ocean_has_shortcode":"","ocean_shortcode_after_title":"","ocean_shortcode_before_footer_widgets":"","ocean_shortcode_after_footer_widgets":"","ocean_shortcode_before_footer_bottom":"","ocean_shortcode_after_footer_bottom":"","ocean_display_top_bar":"default","ocean_display_header":"default","ocean_header_style":"","ocean_center_header_left_menu":"0","ocean_custom_header_template":"0","ocean_custom_logo":0,"ocean_custom_retina_logo":0,"ocean_custom_logo_max_width":0,"ocean_custom_logo_tablet_max_width":0,"ocean_custom_logo_mobile_max_width":0,"ocean_custom_logo_max_height":0,"ocean_custom_logo_tablet_max_height":0,"ocean_custom_logo_mobile_max_height":0,"ocean_header_custom_menu":"0","ocean_menu_typo_font_family":"0","ocean_menu_typo_font_subset":"","ocean_menu_typo_font_size":0,"ocean_menu_typo_font_size_tablet":0,"ocean_menu_typo_font_size_mobile":0,"ocean_menu_typo_font_size_unit":"px","ocean_menu_typo_font_weight":"","ocean_menu_typo_font_weight_tablet":"","ocean_menu_typo_font_weight_mobile":"","ocean_menu_typo_transform":"","ocean_menu_typo_transform_tablet":"","ocean_menu_typo_transform_mobile":"","ocean_menu_typo_line_height":0,"ocean_menu_typo_line_height_tablet":0,"ocean_menu_typo_line_height_mobile":0,"ocean_menu_typo_line_height_unit":"","ocean_menu_typo_spacing":0,"ocean_menu_typo_spacing_tablet":0,"ocean_menu_typo_spacing_mobile":0,"ocean_menu_typo_spacing_unit":"","ocean_menu_link_color":"","ocean_menu_link_color_hover":"","ocean_menu_link_color_active":"","ocean_menu_link_background":"","ocean_menu_link_hover_background":"","ocean_menu_link_active_background":"","ocean_menu_social_links_bg":"","ocean_menu_social_hover_links_bg":"","ocean_menu_social_links_color":"","ocean_menu_social_hover_links_color":"","ocean_disable_title":"default","ocean_disable_heading":"default","ocean_post_title":"","ocean_post_subheading":"","ocean_post_title_style":"","ocean_post_title_background_color":"","ocean_post_title_background":0,"ocean_post_title_bg_image_position":"","ocean_post_title_bg_image_attachment":"","ocean_post_title_bg_image_repeat":"","ocean_post_title_bg_image_size":"","ocean_post_title_height":0,"ocean_post_title_bg_overlay":0.5,"ocean_post_title_bg_overlay_color":"","ocean_disable_breadcrumbs":"default","ocean_breadcrumbs_color":"","ocean_breadcrumbs_separator_color":"","ocean_breadcrumbs_links_color":"","ocean_breadcrumbs_links_hover_color":"","ocean_display_footer_widgets":"default","ocean_display_footer_bottom":"default","ocean_custom_footer_template":"0","footnotes":"","_links_to":"","_links_to_target":""},"_links":{"self":[{"href":"https:\/\/www.oggau.at\/gemeinde\/wp-json\/wp\/v2\/pages\/150"}],"collection":[{"href":"https:\/\/www.oggau.at\/gemeinde\/wp-json\/wp\/v2\/pages"}],"about":[{"href":"https:\/\/www.oggau.at\/gemeinde\/wp-json\/wp\/v2\/types\/page"}],"author":[{"embeddable":true,"href":"https:\/\/www.oggau.at\/gemeinde\/wp-json\/wp\/v2\/users\/1"}],"replies":[{"embeddable":true,"href":"https:\/\/www.oggau.at\/gemeinde\/wp-json\/wp\/v2\/comments?post=150"}],"version-history":[{"count":11,"href":"https:\/\/www.oggau.at\/gemeinde\/wp-json\/wp\/v2\/pages\/150\/revisions"}],"predecessor-version":[{"id":1362,"href":"https:\/\/www.oggau.at\/gemeinde\/wp-json\/wp\/v2\/pages\/150\/revisions\/1362"}],"wp:featuredmedia":[{"embeddable":true,"href":"https:\/\/www.oggau.at\/gemeinde\/wp-json\/wp\/v2\/media\/153"}],"wp:attachment":[{"href":"https:\/\/www.oggau.at\/gemeinde\/wp-json\/wp\/v2\/media?parent=150"}],"curies":[{"name":"wp","href":"https:\/\/api.w.org\/{rel}","templated":true}]}}