{"id":334,"date":"2021-11-23T14:56:00","date_gmt":"2021-11-23T13:56:00","guid":{"rendered":"https:\/\/oggau.insyde.at\/gemeinde\/?page_id=334"},"modified":"2022-01-05T11:25:40","modified_gmt":"2022-01-05T10:25:40","slug":"erklaerung-zur-barrierefreiheit","status":"publish","type":"page","link":"https:\/\/www.oggau.at\/gemeinde\/erklaerung-zur-barrierefreiheit\/","title":{"rendered":"Erkl\u00e4rung zur Barrierefreiheit"},"content":{"rendered":"<p>[vc_row][vc_column][vc_column_text]<\/p>\n<h1>ERKL\u00c4RUNG ZUR BARRIEREFREIHEIT<\/h1>\n<p>&nbsp;<\/p>\n<p class=\"bde-stx-wrapper\"><span class=\"fontstyle0\">Die Marktgemeinde Oggau am Neusiedler See ist<\/span><span class=\"fontstyle0\"> bem\u00fcht, die von uns betriebene Website im Einklang mit der Richtlinie (EU) 2016\/2102 des Europ\u00e4ischen Parlaments und des Rates barrierefrei zug\u00e4nglich zu machen.<\/span><\/p>\n<p class=\"bde-stx-wrapper\"><span class=\"fontstyle0\">Diese Erkl\u00e4rung zur Barrierefreiheit gilt f\u00fcr diese Website www.oggau.at<\/span><span class=\"fontstyle0\">.<\/span><\/p>\n<p>&nbsp;<\/p>\n<h2>Stand der Vereinbarkeit mit den Anforderungen<\/h2>\n<p class=\"bde-stx-wrapper\"><span class=\"fontstyle0\">Diese Website ist mit WCAG 2.0 AA (diese Pr\u00fcfkriterien sind referenziert in der europ\u00e4ischen Norm EN 301 549) wegen der folgenden Unvereinbarkeiten und\/oder Ausnahmen <\/span><span class=\"fontstyle0\">teilweise vereinbar<\/span><span class=\"fontstyle0\">.<\/span><\/p>\n<p>&nbsp;<\/p>\n<h2>Nicht barrierefreie Inhalte<\/h2>\n<p>Die nachstehend aufgef\u00fchrten Inhalte sind aus den folgenden Gr\u00fcnden nicht barrierefrei:<\/p>\n<h3>a) Unvereinbarkeit mit den Barrierefreiheitsbestimmungen<\/h3>\n<ol>\n<li>Nicht alle Seiten verf\u00fcgen \u00fcber ein valides HTML (4.1.1 Parsing, 4.1.2 Name, Role, Values)<\/li>\n<li>Nicht alle Elemente verf\u00fcgen \u00fcber erforderliche Kontraste (1.4.11 Non-Text Contrast)<\/li>\n<li>Im Suchen\/Buchen-, Prospektbestellungs-, Veranstaltungs-, Wein- und Kulinarik-Service verf\u00fcgen manche Bilder \u00fcber keine Beschreibungen (1.1.1 Non-text- Content)<\/li>\n<li>Im Suchen\/Buchen-, Prospektbestellungs-, Veranstaltungs-, Wein- und Kulinarik-Service fehlen in manchen Formularen die Bezeichnungen f\u00fcr die Formularfelder (1.3.1 Info and Relationships)<\/li>\n<\/ol>\n<h3>b) Unverh\u00e4ltnism\u00e4\u00dfige Belastung<\/h3>\n<p>Die Inhalte der Seiten \u201ehttps:\/\/oggau.at\/tourismus\/suchen-buchen\/\u201c, \u201ehttps:\/\/www.oggau.at\/tourismus\/prospektbestellung\/\u201c, \u201ehttps:\/\/www.oggau.at\/tourismus\/veranstaltungen\/\u201c, \u201ehttps:\/\/www.oggau.at\/tourismus\/wein\/\u201c und \u201ehttps:\/\/www.oggau.at\/tourismus\/kulinarik\/\u201cverweisen auf externe Inhalte, welche von einem Drittanbieter zur Verf\u00fcgung gestellt werden und unver\u00e4ndert in die Seite integriert werden. F\u00fcr die Inhalte dieser Seiten sind nicht die Betreiber der Website www.oggau.at verantwortlich.<br \/>\nAuf den genannten Seiten werden teilweise Bilder ohne Alt-Text dargestellt (1.1.1 Non-Text-Content), Formularelemente ohne Beschriftungen verwendet (1.3.1 Info and Relationships) und nicht konforme Farbkontraste f\u00fcr textuelle Darstellung verwendet (1.4.3 Contrast Minimum). Wir sind der Ansicht, dass eine Behebung dieser Verst\u00f6\u00dfe eine unverh\u00e4ltnism\u00e4\u00dfige Belastung im Sinne der Barrierefreiheitsbestimmungen darstellen w\u00fcrde und nicht in den Zust\u00e4ndigkeitsbereich der Betreiber der Website von www.oggau.at f\u00e4llt.<\/p>\n<h3>c) Die Inhalte fallen nicht in den Anwendungsbereich der anwendbaren Rechtsvorschriften<\/h3>\n<p>Viele, vorwiegend \u00e4ltere PDF-Dokumente und Office-Dokumente sind nicht barrierefrei. Beispielsweise sind PDF-Dokumente nicht getaggt, sodass sie von <span lang=\"en\">Screenreader<\/span>-Benutzern nicht oder nur unzureichend erfasst und genutzt werden k\u00f6nnen. Damit ist das WCAG Erfolgskriterium 4.1.2 (Name, Role, Value) nicht erf\u00fcllt.<\/p>\n<p>F\u00fcr andere \u00e4ltere nicht-barrierefreie Dokumente, die von der Richtlinie (EU) 2016\/2102 noch ausgenommen sind, ist derzeit keine umfassende \u00c4nderung geplant. Teilen Sie uns bitte mit, wenn Sie Schwierigkeiten mit konkreten Dokumenten haben. Wir bereiten den Inhalt auf Anfrage barrierefrei auf und tauschen die Dokumente in Folge aus beziehungsweise erg\u00e4nzen diese um barrierefreie Alternativen. F\u00fcr neue Dokumente bem\u00fchen wir uns, diese vor Ver\u00f6ffentlichung barrierefrei nach WCAG 2.1 und PDF\/UA-konform aufzubereiten. Ver\u00f6ffentlichung von nicht-barrierefreien Dokumenten, beispielsweise Druckversionen, werden als solche gekennzeichnet.<\/p>\n<p>&nbsp;<\/p>\n<h2><span class=\"fontstyle0\">Erstellung dieser Erkl\u00e4rung zur Barrierefreiheit:<\/span><\/h2>\n<p><span class=\"fontstyle2\">Diese Erkl\u00e4rung wurde am 01.12.2021<\/span> <span class=\"fontstyle2\">erstellt.<\/span><\/p>\n<p><span class=\"fontstyle2\">Die Barrierefreiheit wurde \u00fcberpr\u00fcft durch eine tats\u00e4chliche Bewertung der Vereinbarkeit der Website mit den Anforderungen der Richtlinie (EU) 2016\/2102, welche durch eine von uns durchgef\u00fchrte Selbstbewertung erfolgte. <\/span><span class=\"fontstyle2\">Die Erkl\u00e4rung wurde zuletzt am 05.08.2020<\/span> <span class=\"fontstyle2\">\u00fcberpr\u00fcft.<\/span><\/p>\n<p>&nbsp;<\/p>\n<h2><span class=\"fontstyle0\">Feedback und Kontaktangaben<\/span><\/h2>\n<p class=\"bde-stx-wrapper\">Sollten Sie auf www.oggau.at Barrieren finden, k\u00f6nnen Sie diese melden und somit helfen, die Website der Marktgemeinde Oggau am Neusiedler See weiter zu verbessern. <span class=\"fontstyle0\">Sofern Sie M\u00e4ngel in Bezug auf die Einhaltung der Barrierefreiheit melden m\u00f6chten, wenden Sie sich per E-Mail<\/span> an <a href=\"mailto:office@insyde.at\" target=\"_blank\" rel=\"noopener\">office@insyde.at<\/a>.<\/p>\n<p class=\"bde-stx-wrapper\">Verantwortlich f\u00fcr diese Seite:<\/p>\n<ul class=\"ul_unmarked\">\n<li><a href=\"https:\/\/insyde.at\/\" target=\"_blank\" rel=\"noopener\">Insyde OG<\/a><br \/>\n<a href=\"mailto:office@insyde.at\" target=\"_blank\" rel=\"noopener\">office@insyde.at<\/a><br \/>\n<a href=\"tel:004321732070113\">02173\/20701\/13<\/a><\/li>\n<\/ul>\n<p class=\"bde-stx-wrapper\">Die Insyde OG wird Ihre Meldung oder Beschwerde im Rahmen der geltend gemachten M\u00e4ngel bei der Einhaltung der Barrierefreiheitsanforderungen der <span lang=\"en\">Website<\/span> pr\u00fcfen. Falls notwendig, werden die M\u00e4ngel beseitigt. Das Ergebnis der Pr\u00fcfung sowie die getroffenen oder beabsichtigten Ma\u00dfnahmen werden Ihnen binnen 2 Monaten bekannt gegeben. Sollte der Inhalt der <span lang=\"en\">Website<\/span> von der Verpflichtung zur barrierefreien Umsetzung ausgenommen sein, werden Sie ebenfalls binnen 2 Monaten dar\u00fcber verst\u00e4ndigt.<\/p>\n<p>&nbsp;<\/p>\n<h2><span class=\"fontstyle0\">Durchsetzungsverfahren<br \/>\n<\/span><\/h2>\n<p><span class=\"fontstyle2\">Bei nicht zufriedenstellenden Antworten aus oben genannter Kontaktm\u00f6glichkeit k\u00f6nnen Sie sich mittels Beschwerde an den Antidiskriminierungsbeauftragten des<br \/>\nLandes Burgenland wenden. Dieser nimmt Beschwerden unter der E-Mailadresse <\/span><span class=\"fontstyle2\">post.antidiskriminierung@bgld.gv.at <\/span><span class=\"fontstyle2\">entgegen.<\/span><\/p>\n<p><span class=\"fontstyle0\">Amt der Burgenl\u00e4ndischen Landesregierung<br \/>\nAntidiskriminierungsbeauftragter Mag. Klaus Mezgolits<br \/>\nThomas Alva Edison-Stra\u00dfe 2<br \/>\n7000 Eisenstadt<\/span><\/p>\n<p><span class=\"fontstyle0\">Beschwerden werden vom Antidiskriminierungsbeauftragten dahingehend gepr\u00fcft, ob sie sich auf Verst\u00f6\u00dfe gegen die Vorgaben des \u00a7 31a Burgenl\u00e4ndisches<br \/>\nAntidiskriminierungsgesetz, insbesondere M\u00e4ngel bei der Einhaltung der Barrierefreiheitsanforderungen beziehen.<\/span><\/p>\n<p><span class=\"fontstyle0\">Sofern die Beschwerde berechtigt ist, hat der Antidiskriminierungsbeauftragte dem betroffenen Rechtstr\u00e4ger Handlungsempfehlungen auszusprechen und Ma\u00dfnahmen vorzuschlagen, die der Beseitigung der vorliegenden M\u00e4ngel dienen.<\/span><\/p>\n<p><span class=\"fontstyle0\">Weitere Informationen zum Beschwerdeverfahren finden Sie unter:<br \/>\n<\/span><a href=\"https:\/\/www.burgenland.at\/barrierefreies-internet\/beschwerdeverfahren\" target=\"_blank\" rel=\"noopener\"><span class=\"fontstyle0\">https:\/\/www.burgenland.at\/barrierefreies-internet\/beschwerdeverfahren<\/span><\/a>[\/vc_column_text][\/vc_column][\/vc_row]<\/p>\n","protected":false},"excerpt":{"rendered":"<p>[vc_row][vc_column][vc_column_text] ERKL\u00c4RUNG ZUR BARRIEREFREIHEIT &nbsp; Die Marktgemeinde Oggau am Neusiedler See ist bem\u00fcht, die von uns betriebene Website im Einklang mit der Richtlinie (EU) 2016\/2102 des Europ\u00e4ischen Parlaments und des Rates barrierefrei zug\u00e4nglich zu machen. Diese Erkl\u00e4rung zur Barrierefreiheit gilt f\u00fcr diese Website www.oggau.at. &nbsp; Stand der Vereinbarkeit mit den Anforderungen Diese Website ist mit [&hellip;]<\/p>\n","protected":false},"author":1,"featured_media":0,"parent":0,"menu_order":0,"comment_status":"closed","ping_status":"closed","template":"","meta":{"ocean_post_layout":"","ocean_both_sidebars_style":"","ocean_both_sidebars_content_width":0,"ocean_both_sidebars_sidebars_width":0,"ocean_sidebar":"0","ocean_second_sidebar":"0","ocean_disable_margins":"enable","ocean_add_body_class":"","ocean_shortcode_before_top_bar":"","ocean_shortcode_after_top_bar":"","ocean_shortcode_before_header":"","ocean_shortcode_after_header":"","ocean_has_shortcode":"","ocean_shortcode_after_title":"","ocean_shortcode_before_footer_widgets":"","ocean_shortcode_after_footer_widgets":"","ocean_shortcode_before_footer_bottom":"","ocean_shortcode_after_footer_bottom":"","ocean_display_top_bar":"default","ocean_display_header":"default","ocean_header_style":"","ocean_center_header_left_menu":"0","ocean_custom_header_template":"0","ocean_custom_logo":0,"ocean_custom_retina_logo":0,"ocean_custom_logo_max_width":0,"ocean_custom_logo_tablet_max_width":0,"ocean_custom_logo_mobile_max_width":0,"ocean_custom_logo_max_height":0,"ocean_custom_logo_tablet_max_height":0,"ocean_custom_logo_mobile_max_height":0,"ocean_header_custom_menu":"0","ocean_menu_typo_font_family":"0","ocean_menu_typo_font_subset":"","ocean_menu_typo_font_size":0,"ocean_menu_typo_font_size_tablet":0,"ocean_menu_typo_font_size_mobile":0,"ocean_menu_typo_font_size_unit":"px","ocean_menu_typo_font_weight":"","ocean_menu_typo_font_weight_tablet":"","ocean_menu_typo_font_weight_mobile":"","ocean_menu_typo_transform":"","ocean_menu_typo_transform_tablet":"","ocean_menu_typo_transform_mobile":"","ocean_menu_typo_line_height":0,"ocean_menu_typo_line_height_tablet":0,"ocean_menu_typo_line_height_mobile":0,"ocean_menu_typo_line_height_unit":"","ocean_menu_typo_spacing":0,"ocean_menu_typo_spacing_tablet":0,"ocean_menu_typo_spacing_mobile":0,"ocean_menu_typo_spacing_unit":"","ocean_menu_link_color":"","ocean_menu_link_color_hover":"","ocean_menu_link_color_active":"","ocean_menu_link_background":"","ocean_menu_link_hover_background":"","ocean_menu_link_active_background":"","ocean_menu_social_links_bg":"","ocean_menu_social_hover_links_bg":"","ocean_menu_social_links_color":"","ocean_menu_social_hover_links_color":"","ocean_disable_title":"default","ocean_disable_heading":"default","ocean_post_title":"","ocean_post_subheading":"","ocean_post_title_style":"","ocean_post_title_background_color":"","ocean_post_title_background":0,"ocean_post_title_bg_image_position":"","ocean_post_title_bg_image_attachment":"","ocean_post_title_bg_image_repeat":"","ocean_post_title_bg_image_size":"","ocean_post_title_height":0,"ocean_post_title_bg_overlay":0.5,"ocean_post_title_bg_overlay_color":"","ocean_disable_breadcrumbs":"default","ocean_breadcrumbs_color":"","ocean_breadcrumbs_separator_color":"","ocean_breadcrumbs_links_color":"","ocean_breadcrumbs_links_hover_color":"","ocean_display_footer_widgets":"default","ocean_display_footer_bottom":"default","ocean_custom_footer_template":"0","footnotes":"","_links_to":"","_links_to_target":""},"_links":{"self":[{"href":"https:\/\/www.oggau.at\/gemeinde\/wp-json\/wp\/v2\/pages\/334"}],"collection":[{"href":"https:\/\/www.oggau.at\/gemeinde\/wp-json\/wp\/v2\/pages"}],"about":[{"href":"https:\/\/www.oggau.at\/gemeinde\/wp-json\/wp\/v2\/types\/page"}],"author":[{"embeddable":true,"href":"https:\/\/www.oggau.at\/gemeinde\/wp-json\/wp\/v2\/users\/1"}],"replies":[{"embeddable":true,"href":"https:\/\/www.oggau.at\/gemeinde\/wp-json\/wp\/v2\/comments?post=334"}],"version-history":[{"count":3,"href":"https:\/\/www.oggau.at\/gemeinde\/wp-json\/wp\/v2\/pages\/334\/revisions"}],"predecessor-version":[{"id":564,"href":"https:\/\/www.oggau.at\/gemeinde\/wp-json\/wp\/v2\/pages\/334\/revisions\/564"}],"wp:attachment":[{"href":"https:\/\/www.oggau.at\/gemeinde\/wp-json\/wp\/v2\/media?parent=334"}],"curies":[{"name":"wp","href":"https:\/\/api.w.org\/{rel}","templated":true}]}}