{"id":99,"date":"2021-10-12T09:29:13","date_gmt":"2021-10-12T07:29:13","guid":{"rendered":"https:\/\/oggau.insyde.at\/gemeinde\/?page_id=99"},"modified":"2021-11-16T14:03:15","modified_gmt":"2021-11-16T13:03:15","slug":"buergerservice","status":"publish","type":"page","link":"https:\/\/www.oggau.at\/gemeinde\/buergerservice\/","title":{"rendered":"B\u00fcrgerservice"},"content":{"rendered":"<p>[vc_row][vc_column][vc_column_text]<\/p>\n<h1>B\u00dcRGERSERVICE<\/h1>\n<p>Im Gemeindezentrum wird Ihnen gerne weitergeholfen. B\u00fcrgerservice wird in Oggau gro\u00df geschrieben. Das moderne Oggauer Gemeindezentrum inmitten unserer Marktgemeinde gelegen, ist erste Anlaufstelle f\u00fcr alle Oggauerinnen und Oggauer sowie f\u00fcr diejenigen, die neu in unsere Gemeinde kommen, wenn Sie eine Auskunft bzw. Hilfestellung ben\u00f6tigen.<br \/>\nW\u00fcnsche, Anregungen und gute Ideen sind uns stets willkommen.<br \/>\nGerne unterst\u00fctzen wir Sie ebenso bei zB Online-Formularen, F\u00f6rderbestimmungen, Ver- und Entsorgungsbetrieben und bei vielen weiteren Themen. Z\u00f6gern Sie bitte nicht und nehmen Sie unser Serviceangebot in Anspruch.[\/vc_column_text][\/vc_column][\/vc_row][vc_row equal_height=&#8220;yes&#8220;][vc_column width=&#8220;1\/3&#8243;][vc_single_image image=&#8220;102&#8243; img_size=&#8220;full&#8220; onclick=&#8220;custom_link&#8220; link=&#8220;https:\/\/oggau.at\/gemeinde\/buergerservice\/buergerservice-detail#gemeindeamt&#8220; css=&#8220;.vc_custom_1634026607881{margin-bottom: 0px !important;}&#8220;][vc_column_text]<\/p>\n<h2><a href=\"https:\/\/oggau.at\/gemeinde\/buergerservice\/buergerservice-detail#gemeindeamt\">GEMEINDEAMT OGGAU <span class=\"blue\">&gt;<\/span><\/a><\/h2>\n<p>[\/vc_column_text][\/vc_column][vc_column width=&#8220;1\/3&#8243;][vc_single_image image=&#8220;101&#8243; img_size=&#8220;full&#8220; onclick=&#8220;custom_link&#8220; link=&#8220;https:\/\/oggau.at\/gemeinde\/buergerservice\/buergerservice-detail#muellentsorgung&#8220; css=&#8220;.vc_custom_1634026624455{margin-bottom: 0px !important;}&#8220;][vc_column_text]<\/p>\n<h2><a href=\"https:\/\/oggau.at\/gemeinde\/buergerservice\/buergerservice-detail#muellentsorgung\">M\u00dcLLENTSORGUNG <span class=\"blue\">&gt;<\/span><\/a><\/h2>\n<p>[\/vc_column_text][\/vc_column][vc_column width=&#8220;1\/3&#8243;][vc_single_image image=&#8220;103&#8243; img_size=&#8220;full&#8220; onclick=&#8220;custom_link&#8220; link=&#8220;https:\/\/oggau.at\/gemeinde\/buergerservice\/buergerservice-detail#standesamt&#8220; css=&#8220;.vc_custom_1634026628487{margin-bottom: 0px !important;}&#8220;][vc_column_text]<\/p>\n<h2><a href=\"https:\/\/oggau.at\/gemeinde\/buergerservice\/buergerservice-detail#standesamt\">STANDESAMT <span class=\"blue\">&gt;<\/span><\/a><\/h2>\n<p>[\/vc_column_text][\/vc_column][\/vc_row][vc_row equal_height=&#8220;yes&#8220;][vc_column width=&#8220;1\/3&#8243;][vc_single_image image=&#8220;104&#8243; img_size=&#8220;full&#8220; onclick=&#8220;custom_link&#8220; link=&#8220;https:\/\/oggau.at\/gemeinde\/buergerservice\/buergerservice-detail#bauberatung&#8220; css=&#8220;.vc_custom_1634026637920{margin-bottom: 0px !important;}&#8220;][vc_column_text]<\/p>\n<h2><a href=\"https:\/\/oggau.at\/gemeinde\/buergerservice\/buergerservice-detail#bauberatung\">BAUBERATUNG <span class=\"blue\">&gt;<\/span><\/a><\/h2>\n<p>[\/vc_column_text][\/vc_column][vc_column width=&#8220;1\/3&#8243;][vc_single_image image=&#8220;105&#8243; img_size=&#8220;full&#8220; onclick=&#8220;custom_link&#8220; link=&#8220;https:\/\/oggau.at\/gemeinde\/buergerservice\/buergerservice-detail#sicherheitstipps&#8220; css=&#8220;.vc_custom_1634026652959{margin-bottom: 0px !important;}&#8220;][vc_column_text]<\/p>\n<h2><a href=\"https:\/\/oggau.at\/gemeinde\/buergerservice\/buergerservice-detail#sicherheitstipps\">SICHERHEITSTIPPS <span class=\"blue\">&gt;<\/span><\/a><\/h2>\n<p>[\/vc_column_text][\/vc_column][vc_column width=&#8220;1\/3&#8243;][vc_single_image image=&#8220;106&#8243; img_size=&#8220;full&#8220; onclick=&#8220;custom_link&#8220; link=&#8220;https:\/\/oggau.at\/gemeinde\/buergerservice\/buergerservice-detail#amtssignatur&#8220; css=&#8220;.vc_custom_1634026661895{margin-bottom: 0px !important;}&#8220;][vc_column_text]<\/p>\n<h2><a href=\"https:\/\/oggau.at\/gemeinde\/buergerservice\/buergerservice-detail#amtssignatur\">AMTSSIGNATUR <span class=\"blue\">&gt;<\/span><\/a><\/h2>\n<p>[\/vc_column_text][\/vc_column][\/vc_row]<\/p>\n","protected":false},"excerpt":{"rendered":"<p>[vc_row][vc_column][vc_column_text] B\u00dcRGERSERVICE Im Gemeindezentrum wird Ihnen gerne weitergeholfen. B\u00fcrgerservice wird in Oggau gro\u00df geschrieben. Das moderne Oggauer Gemeindezentrum inmitten unserer Marktgemeinde gelegen, ist erste Anlaufstelle f\u00fcr alle Oggauerinnen und Oggauer sowie f\u00fcr diejenigen, die neu in unsere Gemeinde kommen, wenn Sie eine Auskunft bzw. Hilfestellung ben\u00f6tigen. W\u00fcnsche, Anregungen und gute Ideen sind uns stets willkommen. [&hellip;]<\/p>\n","protected":false},"author":1,"featured_media":107,"parent":0,"menu_order":0,"comment_status":"closed","ping_status":"closed","template":"","meta":{"ocean_post_layout":"","ocean_both_sidebars_style":"","ocean_both_sidebars_content_width":0,"ocean_both_sidebars_sidebars_width":0,"ocean_sidebar":"0","ocean_second_sidebar":"0","ocean_disable_margins":"enable","ocean_add_body_class":"","ocean_shortcode_before_top_bar":"","ocean_shortcode_after_top_bar":"","ocean_shortcode_before_header":"","ocean_shortcode_after_header":"","ocean_has_shortcode":"","ocean_shortcode_after_title":"","ocean_shortcode_before_footer_widgets":"","ocean_shortcode_after_footer_widgets":"","ocean_shortcode_before_footer_bottom":"","ocean_shortcode_after_footer_bottom":"","ocean_display_top_bar":"default","ocean_display_header":"default","ocean_header_style":"","ocean_center_header_left_menu":"0","ocean_custom_header_template":"0","ocean_custom_logo":0,"ocean_custom_retina_logo":0,"ocean_custom_logo_max_width":0,"ocean_custom_logo_tablet_max_width":0,"ocean_custom_logo_mobile_max_width":0,"ocean_custom_logo_max_height":0,"ocean_custom_logo_tablet_max_height":0,"ocean_custom_logo_mobile_max_height":0,"ocean_header_custom_menu":"0","ocean_menu_typo_font_family":"0","ocean_menu_typo_font_subset":"","ocean_menu_typo_font_size":0,"ocean_menu_typo_font_size_tablet":0,"ocean_menu_typo_font_size_mobile":0,"ocean_menu_typo_font_size_unit":"px","ocean_menu_typo_font_weight":"","ocean_menu_typo_font_weight_tablet":"","ocean_menu_typo_font_weight_mobile":"","ocean_menu_typo_transform":"","ocean_menu_typo_transform_tablet":"","ocean_menu_typo_transform_mobile":"","ocean_menu_typo_line_height":0,"ocean_menu_typo_line_height_tablet":0,"ocean_menu_typo_line_height_mobile":0,"ocean_menu_typo_line_height_unit":"","ocean_menu_typo_spacing":0,"ocean_menu_typo_spacing_tablet":0,"ocean_menu_typo_spacing_mobile":0,"ocean_menu_typo_spacing_unit":"","ocean_menu_link_color":"","ocean_menu_link_color_hover":"","ocean_menu_link_color_active":"","ocean_menu_link_background":"","ocean_menu_link_hover_background":"","ocean_menu_link_active_background":"","ocean_menu_social_links_bg":"","ocean_menu_social_hover_links_bg":"","ocean_menu_social_links_color":"","ocean_menu_social_hover_links_color":"","ocean_disable_title":"default","ocean_disable_heading":"default","ocean_post_title":"","ocean_post_subheading":"","ocean_post_title_style":"","ocean_post_title_background_color":"","ocean_post_title_background":0,"ocean_post_title_bg_image_position":"","ocean_post_title_bg_image_attachment":"","ocean_post_title_bg_image_repeat":"","ocean_post_title_bg_image_size":"","ocean_post_title_height":0,"ocean_post_title_bg_overlay":0.5,"ocean_post_title_bg_overlay_color":"","ocean_disable_breadcrumbs":"default","ocean_breadcrumbs_color":"","ocean_breadcrumbs_separator_color":"","ocean_breadcrumbs_links_color":"","ocean_breadcrumbs_links_hover_color":"","ocean_display_footer_widgets":"default","ocean_display_footer_bottom":"default","ocean_custom_footer_template":"0","footnotes":"","_links_to":"","_links_to_target":""},"_links":{"self":[{"href":"https:\/\/www.oggau.at\/gemeinde\/wp-json\/wp\/v2\/pages\/99"}],"collection":[{"href":"https:\/\/www.oggau.at\/gemeinde\/wp-json\/wp\/v2\/pages"}],"about":[{"href":"https:\/\/www.oggau.at\/gemeinde\/wp-json\/wp\/v2\/types\/page"}],"author":[{"embeddable":true,"href":"https:\/\/www.oggau.at\/gemeinde\/wp-json\/wp\/v2\/users\/1"}],"replies":[{"embeddable":true,"href":"https:\/\/www.oggau.at\/gemeinde\/wp-json\/wp\/v2\/comments?post=99"}],"version-history":[{"count":5,"href":"https:\/\/www.oggau.at\/gemeinde\/wp-json\/wp\/v2\/pages\/99\/revisions"}],"predecessor-version":[{"id":258,"href":"https:\/\/www.oggau.at\/gemeinde\/wp-json\/wp\/v2\/pages\/99\/revisions\/258"}],"wp:featuredmedia":[{"embeddable":true,"href":"https:\/\/www.oggau.at\/gemeinde\/wp-json\/wp\/v2\/media\/107"}],"wp:attachment":[{"href":"https:\/\/www.oggau.at\/gemeinde\/wp-json\/wp\/v2\/media?parent=99"}],"curies":[{"name":"wp","href":"https:\/\/api.w.org\/{rel}","templated":true}]}}