{"id":114,"date":"2021-10-25T13:32:36","date_gmt":"2021-10-25T11:32:36","guid":{"rendered":"https:\/\/oggau.insyde.at\/tourismus\/?page_id=114"},"modified":"2021-11-29T12:36:23","modified_gmt":"2021-11-29T11:36:23","slug":"veranstaltungen","status":"publish","type":"page","link":"https:\/\/www.oggau.at\/tourismus\/veranstaltungen\/","title":{"rendered":"Veranstaltungen"},"content":{"rendered":"<p>[vc_row][vc_column][vc_column_text]<\/p>\n<h1>BLEIB\u2018 UNTERWEGS<br \/>\nIN OGGAU<\/h1>\n<p>Genie\u00dfe den Veranstaltungsreigen in Oggau. Vielf\u00e4ltig und f\u00fcr jede Altersklasse pr\u00e4sentiert sich unser Ort mit der bekannten burgenl\u00e4ndischen Gastfreundlichkeit. Gemeinsam feiern, unsere Weine und regionalen Spezialit\u00e4ten genie\u00dfen, sportlich unterwegs sein oder einfach mit lieben Menschen eine sch\u00f6ne Zeit erleben. Wir bieten Ihnen das ganze Jahr \u00fcber ein abwechslungsreiches Programm und freuen uns auf Ihren Besuch.[\/vc_column_text][\/vc_column][\/vc_row][vc_row full_width=&#8220;stretch_row_content&#8220;][vc_column][vc_column_text el_id=&#8220;tosc5target&#8220;][\/vc_column_text][vc_raw_js]JTNDc2NyaXB0JTNFJTBBd2luZG93LmR3JTIwJTNEJTIwd2luZG93LmR3JTIwJTdDJTdDJTIwZnVuY3Rpb24lMjAlMjglMjklMjAlN0IlMjAlMjhkdy5xJTIwJTNEJTIwZHcucSUyMCU3QyU3QyUyMCU1QiU1RCUyOS5wdXNoJTI4YXJndW1lbnRzJTI5JTIwJTdEJTNCJTBBZHclMjglMjdzZXR0aW5ncyUyNyUyQyUyN2I3NTEzYmU3LTk2MTAtNDA0NS1hOWJjLTMzZTU5YWQwOWQ4ZSUyNyUyQyUwQSU3QiUwQSUyMmFsbG93U2Nyb2xsT25BcHBsaWNhdGlvblN0YXJ0JTIyJTIwJTNBJTIwZmFsc2UlMkMlMEElMjJjb250ZXh0JTIyJTNBJTIwJTdCJTBBJTIydGFyZ2V0Um91dGUlMjIlM0ElNUIlMEElMjIlMkZ2ZXJhbnN0YWx0dW5nZW4lMjIlMkMlMEElMjIlMkZldmVudHMlMjIlMEElNUQlMEElN0QlMkMlMEElMEElMjJsYW5nJTIyJTNBJTIwJTI3ZGUlMjclMkMlMEElMjJ0YXJnZXQlMjIlM0ElMjAlMjJ0b3NjNXRhcmdldCUyMiUyQyUwQSUyMnN0eWxlUmVzb3VyY2VzJTIyJTNBJTVCJTBBJTI3aHR0cHMlM0ElMkYlMkZvZ2dhdS5pbnN5ZGUuYXQlMkZ3cC1jb250ZW50JTJGdGhlbWVzJTJGb2NlYW53cC1jaGlsZCUyRnN0eWxlLmNzcyUyNyUwQSU1RCUyQyUwQSUyMmxvYWRpbmdBbmltYXRpb25Db2xvciUyMiUzQSUyMCU3QiUwQSUyMm1haW4lMjIlM0ElMjAlMjclMjMwMDZlYWUlMjclMkMlMEElMjJhbHQlMjIlM0ElMjAlMjclMjNkMmQyZDIlMjclMEElN0QlMEElMEElN0QlMjklM0IlMEElM0MlMkZzY3JpcHQlM0UlMEElM0NzY3JpcHQlMjBhc3luYyUzRCUyMiUyMiUyMHNyYyUzRCUyMmh0dHBzJTNBJTJGJTJGcmVzYy5kZXNrbGluZS5uZXQlMkZEVzUlMkZzdGFydCUyRk9HR0FVJTJGYjc1MTNiZTctOTYxMC00MDQ1LWE5YmMtMzNlNTlhZDA5ZDhlJTJGaW5kZXguanMlMjIlM0UlMjAlM0MlMkZzY3JpcHQlM0U=[\/vc_raw_js][\/vc_column][\/vc_row]<\/p>\n","protected":false},"excerpt":{"rendered":"<p>[vc_row][vc_column][vc_column_text] BLEIB\u2018 UNTERWEGS IN OGGAU Genie\u00dfe den Veranstaltungsreigen in Oggau. Vielf\u00e4ltig und f\u00fcr jede Altersklasse pr\u00e4sentiert sich unser Ort mit der bekannten burgenl\u00e4ndischen Gastfreundlichkeit. Gemeinsam feiern, unsere Weine und regionalen Spezialit\u00e4ten genie\u00dfen, sportlich unterwegs sein oder einfach mit lieben Menschen eine sch\u00f6ne Zeit erleben. Wir bieten Ihnen das ganze Jahr \u00fcber ein abwechslungsreiches Programm und [&hellip;]<\/p>\n","protected":false},"author":1,"featured_media":361,"parent":0,"menu_order":0,"comment_status":"closed","ping_status":"closed","template":"","meta":{"ocean_post_layout":"","ocean_both_sidebars_style":"","ocean_both_sidebars_content_width":0,"ocean_both_sidebars_sidebars_width":0,"ocean_sidebar":"0","ocean_second_sidebar":"0","ocean_disable_margins":"enable","ocean_add_body_class":"","ocean_shortcode_before_top_bar":"","ocean_shortcode_after_top_bar":"","ocean_shortcode_before_header":"","ocean_shortcode_after_header":"","ocean_has_shortcode":"","ocean_shortcode_after_title":"","ocean_shortcode_before_footer_widgets":"","ocean_shortcode_after_footer_widgets":"","ocean_shortcode_before_footer_bottom":"","ocean_shortcode_after_footer_bottom":"","ocean_display_top_bar":"default","ocean_display_header":"default","ocean_header_style":"","ocean_center_header_left_menu":"0","ocean_custom_header_template":"0","ocean_custom_logo":0,"ocean_custom_retina_logo":0,"ocean_custom_logo_max_width":0,"ocean_custom_logo_tablet_max_width":0,"ocean_custom_logo_mobile_max_width":0,"ocean_custom_logo_max_height":0,"ocean_custom_logo_tablet_max_height":0,"ocean_custom_logo_mobile_max_height":0,"ocean_header_custom_menu":"0","ocean_menu_typo_font_family":"0","ocean_menu_typo_font_subset":"","ocean_menu_typo_font_size":0,"ocean_menu_typo_font_size_tablet":0,"ocean_menu_typo_font_size_mobile":0,"ocean_menu_typo_font_size_unit":"px","ocean_menu_typo_font_weight":"","ocean_menu_typo_font_weight_tablet":"","ocean_menu_typo_font_weight_mobile":"","ocean_menu_typo_transform":"","ocean_menu_typo_transform_tablet":"","ocean_menu_typo_transform_mobile":"","ocean_menu_typo_line_height":0,"ocean_menu_typo_line_height_tablet":0,"ocean_menu_typo_line_height_mobile":0,"ocean_menu_typo_line_height_unit":"","ocean_menu_typo_spacing":0,"ocean_menu_typo_spacing_tablet":0,"ocean_menu_typo_spacing_mobile":0,"ocean_menu_typo_spacing_unit":"","ocean_menu_link_color":"","ocean_menu_link_color_hover":"","ocean_menu_link_color_active":"","ocean_menu_link_background":"","ocean_menu_link_hover_background":"","ocean_menu_link_active_background":"","ocean_menu_social_links_bg":"","ocean_menu_social_hover_links_bg":"","ocean_menu_social_links_color":"","ocean_menu_social_hover_links_color":"","ocean_disable_title":"default","ocean_disable_heading":"default","ocean_post_title":"","ocean_post_subheading":"","ocean_post_title_style":"","ocean_post_title_background_color":"","ocean_post_title_background":0,"ocean_post_title_bg_image_position":"","ocean_post_title_bg_image_attachment":"","ocean_post_title_bg_image_repeat":"","ocean_post_title_bg_image_size":"","ocean_post_title_height":0,"ocean_post_title_bg_overlay":0.5,"ocean_post_title_bg_overlay_color":"","ocean_disable_breadcrumbs":"default","ocean_breadcrumbs_color":"","ocean_breadcrumbs_separator_color":"","ocean_breadcrumbs_links_color":"","ocean_breadcrumbs_links_hover_color":"","ocean_display_footer_widgets":"default","ocean_display_footer_bottom":"default","ocean_custom_footer_template":"0","footnotes":"","_links_to":"","_links_to_target":""},"_links":{"self":[{"href":"https:\/\/www.oggau.at\/tourismus\/wp-json\/wp\/v2\/pages\/114"}],"collection":[{"href":"https:\/\/www.oggau.at\/tourismus\/wp-json\/wp\/v2\/pages"}],"about":[{"href":"https:\/\/www.oggau.at\/tourismus\/wp-json\/wp\/v2\/types\/page"}],"author":[{"embeddable":true,"href":"https:\/\/www.oggau.at\/tourismus\/wp-json\/wp\/v2\/users\/1"}],"replies":[{"embeddable":true,"href":"https:\/\/www.oggau.at\/tourismus\/wp-json\/wp\/v2\/comments?post=114"}],"version-history":[{"count":6,"href":"https:\/\/www.oggau.at\/tourismus\/wp-json\/wp\/v2\/pages\/114\/revisions"}],"predecessor-version":[{"id":341,"href":"https:\/\/www.oggau.at\/tourismus\/wp-json\/wp\/v2\/pages\/114\/revisions\/341"}],"wp:featuredmedia":[{"embeddable":true,"href":"https:\/\/www.oggau.at\/tourismus\/wp-json\/wp\/v2\/media\/361"}],"wp:attachment":[{"href":"https:\/\/www.oggau.at\/tourismus\/wp-json\/wp\/v2\/media?parent=114"}],"curies":[{"name":"wp","href":"https:\/\/api.w.org\/{rel}","templated":true}]}}