{"id":120,"date":"2021-10-25T14:22:12","date_gmt":"2021-10-25T12:22:12","guid":{"rendered":"https:\/\/oggau.insyde.at\/tourismus\/?page_id=120"},"modified":"2021-12-20T09:31:06","modified_gmt":"2021-12-20T08:31:06","slug":"camping-bootshafen","status":"publish","type":"page","link":"https:\/\/www.oggau.at\/tourismus\/camping-bootshafen\/","title":{"rendered":"Camping &#038; Bootshafen"},"content":{"rendered":"<p>[vc_row][vc_column][vc_column_text]<\/p>\n<h1>BLEIB\u2018 IN DER NATUR<br \/>\nIN OGGAU<\/h1>\n<p>Unser ruhiger Campingplatz bietet die M\u00f6glichkeit, die Natur in allen Facetten zu erleben. Mit wunderbarem alten Baumbestand und durch Hecken unterteilt, l\u00e4sst sich ein Campingurlaub ganz besonders genie\u00dfen.<\/p>\n<p>Der Bootshafen bietet begeisterten Seglern einen Anlegeplatz. Klein aber fein pr\u00e4sentiert sich das Areal mit einem kulinarischen Hotspot direkt am Hafen, der gerne von G\u00e4sten der Region besucht wird.\u00a0Erleben Sie den Neusiedler See hautnah und genie\u00dfen Sie die besondere Atmosph\u00e4re im Yachthafen oder mit Ihrem Boot auf dem Wasser.[\/vc_column_text][\/vc_column][\/vc_row][vc_row][vc_column width=&#8220;1\/3&#8243;][vc_single_image image=&#8220;121&#8243; img_size=&#8220;full&#8220; onclick=&#8220;custom_link&#8220; css=&#8220;.vc_custom_1638196634439{margin-bottom: 0px !important;}&#8220; link=&#8220;camping-bootshafen-detail#camping&#8220;][vc_column_text]<\/p>\n<h2><a href=\"camping-bootshafen-detail#camping\">CAMPING<\/a><\/h2>\n<p><a href=\"camping-bootshafen-detail#camping\">Mehrfach ausgezeichnet und auf jeden Fall einen Besuch wert ist unser Campingplatz. <span class=\"blue\">&gt;<\/span><\/a>[\/vc_column_text][\/vc_column][vc_column width=&#8220;1\/3&#8243;][vc_single_image image=&#8220;122&#8243; img_size=&#8220;full&#8220; onclick=&#8220;custom_link&#8220; css=&#8220;.vc_custom_1638196641210{margin-bottom: 0px !important;}&#8220; link=&#8220;camping-bootshafen-detail#bootshafen&#8220;][vc_column_text]<\/p>\n<h2><a href=\"camping-bootshafen-detail#bootshafen\">BOOTSHAFEN<\/a><\/h2>\n<p><a href=\"camping-bootshafen-detail#bootshafen\">Ein Ausflug zum Neusiedler See durch den Schilfkanal wird zum Erlebnis<span class=\"blue\"> &gt;<\/span><\/a>[\/vc_column_text][\/vc_column][vc_column width=&#8220;1\/3&#8243;][\/vc_column][\/vc_row]<\/p>\n","protected":false},"excerpt":{"rendered":"<p>[vc_row][vc_column][vc_column_text] BLEIB\u2018 IN DER NATUR IN OGGAU Unser ruhiger Campingplatz bietet die M\u00f6glichkeit, die Natur in allen Facetten zu erleben. Mit wunderbarem alten Baumbestand und durch Hecken unterteilt, l\u00e4sst sich ein Campingurlaub ganz besonders genie\u00dfen. Der Bootshafen bietet begeisterten Seglern einen Anlegeplatz. Klein aber fein pr\u00e4sentiert sich das Areal mit einem kulinarischen Hotspot direkt am [&hellip;]<\/p>\n","protected":false},"author":1,"featured_media":174,"parent":0,"menu_order":0,"comment_status":"closed","ping_status":"closed","template":"","meta":{"ocean_post_layout":"","ocean_both_sidebars_style":"","ocean_both_sidebars_content_width":0,"ocean_both_sidebars_sidebars_width":0,"ocean_sidebar":"0","ocean_second_sidebar":"0","ocean_disable_margins":"enable","ocean_add_body_class":"","ocean_shortcode_before_top_bar":"","ocean_shortcode_after_top_bar":"","ocean_shortcode_before_header":"","ocean_shortcode_after_header":"","ocean_has_shortcode":"","ocean_shortcode_after_title":"","ocean_shortcode_before_footer_widgets":"","ocean_shortcode_after_footer_widgets":"","ocean_shortcode_before_footer_bottom":"","ocean_shortcode_after_footer_bottom":"","ocean_display_top_bar":"default","ocean_display_header":"default","ocean_header_style":"","ocean_center_header_left_menu":"0","ocean_custom_header_template":"0","ocean_custom_logo":0,"ocean_custom_retina_logo":0,"ocean_custom_logo_max_width":0,"ocean_custom_logo_tablet_max_width":0,"ocean_custom_logo_mobile_max_width":0,"ocean_custom_logo_max_height":0,"ocean_custom_logo_tablet_max_height":0,"ocean_custom_logo_mobile_max_height":0,"ocean_header_custom_menu":"0","ocean_menu_typo_font_family":"0","ocean_menu_typo_font_subset":"","ocean_menu_typo_font_size":0,"ocean_menu_typo_font_size_tablet":0,"ocean_menu_typo_font_size_mobile":0,"ocean_menu_typo_font_size_unit":"px","ocean_menu_typo_font_weight":"","ocean_menu_typo_font_weight_tablet":"","ocean_menu_typo_font_weight_mobile":"","ocean_menu_typo_transform":"","ocean_menu_typo_transform_tablet":"","ocean_menu_typo_transform_mobile":"","ocean_menu_typo_line_height":0,"ocean_menu_typo_line_height_tablet":0,"ocean_menu_typo_line_height_mobile":0,"ocean_menu_typo_line_height_unit":"","ocean_menu_typo_spacing":0,"ocean_menu_typo_spacing_tablet":0,"ocean_menu_typo_spacing_mobile":0,"ocean_menu_typo_spacing_unit":"","ocean_menu_link_color":"","ocean_menu_link_color_hover":"","ocean_menu_link_color_active":"","ocean_menu_link_background":"","ocean_menu_link_hover_background":"","ocean_menu_link_active_background":"","ocean_menu_social_links_bg":"","ocean_menu_social_hover_links_bg":"","ocean_menu_social_links_color":"","ocean_menu_social_hover_links_color":"","ocean_disable_title":"default","ocean_disable_heading":"default","ocean_post_title":"","ocean_post_subheading":"","ocean_post_title_style":"","ocean_post_title_background_color":"","ocean_post_title_background":0,"ocean_post_title_bg_image_position":"","ocean_post_title_bg_image_attachment":"","ocean_post_title_bg_image_repeat":"","ocean_post_title_bg_image_size":"","ocean_post_title_height":0,"ocean_post_title_bg_overlay":0.5,"ocean_post_title_bg_overlay_color":"","ocean_disable_breadcrumbs":"default","ocean_breadcrumbs_color":"","ocean_breadcrumbs_separator_color":"","ocean_breadcrumbs_links_color":"","ocean_breadcrumbs_links_hover_color":"","ocean_display_footer_widgets":"default","ocean_display_footer_bottom":"default","ocean_custom_footer_template":"0","footnotes":"","_links_to":"","_links_to_target":""},"_links":{"self":[{"href":"https:\/\/www.oggau.at\/tourismus\/wp-json\/wp\/v2\/pages\/120"}],"collection":[{"href":"https:\/\/www.oggau.at\/tourismus\/wp-json\/wp\/v2\/pages"}],"about":[{"href":"https:\/\/www.oggau.at\/tourismus\/wp-json\/wp\/v2\/types\/page"}],"author":[{"embeddable":true,"href":"https:\/\/www.oggau.at\/tourismus\/wp-json\/wp\/v2\/users\/1"}],"replies":[{"embeddable":true,"href":"https:\/\/www.oggau.at\/tourismus\/wp-json\/wp\/v2\/comments?post=120"}],"version-history":[{"count":10,"href":"https:\/\/www.oggau.at\/tourismus\/wp-json\/wp\/v2\/pages\/120\/revisions"}],"predecessor-version":[{"id":433,"href":"https:\/\/www.oggau.at\/tourismus\/wp-json\/wp\/v2\/pages\/120\/revisions\/433"}],"wp:featuredmedia":[{"embeddable":true,"href":"https:\/\/www.oggau.at\/tourismus\/wp-json\/wp\/v2\/media\/174"}],"wp:attachment":[{"href":"https:\/\/www.oggau.at\/tourismus\/wp-json\/wp\/v2\/media?parent=120"}],"curies":[{"name":"wp","href":"https:\/\/api.w.org\/{rel}","templated":true}]}}