{"id":141,"date":"2021-10-25T15:16:23","date_gmt":"2021-10-25T13:16:23","guid":{"rendered":"https:\/\/oggau.insyde.at\/tourismus\/?page_id=141"},"modified":"2024-07-11T13:57:36","modified_gmt":"2024-07-11T11:57:36","slug":"natur-kultur-detail","status":"publish","type":"page","link":"https:\/\/www.oggau.at\/tourismus\/natur-kultur\/natur-kultur-detail\/","title":{"rendered":"Natur &amp; Kultur"},"content":{"rendered":"<p>[vc_row el_id=&#8220;hoelzelstein&#8220;][vc_column][vc_single_image image=&#8220;144&#8243; img_size=&#8220;full&#8220; el_class=&#8220;imgdesktop&#8220;][vc_single_image image=&#8220;233&#8243; img_size=&#8220;full&#8220; el_class=&#8220;imgmobile&#8220;][vc_column_text]<\/p>\n<h1>H\u00d6LZELSTEIN<\/h1>\n<p>\u201eAyers Rock\u201c wurde der H\u00f6lzelstein bei Oggau schon genannt \u2013 was nat\u00fcrlich eine \u00dcbertreibung ist. Dieser ist eher nur ein \u201eRockerl\u201c.<br \/>\nEines hat der burgenl\u00e4ndische Felsen mit dem weltber\u00fchmten australischen Monolithen gemeinsam: Auch er wirkt in einem flachen Land wie vom Himmel gefallen.<br \/>\nDer \u201eH\u00f6lzelstein\u201c ist ein 2,7 ha gro\u00dfes Trockenrasengebiet. Der 157 m hoch aufragende kleine H\u00fcgel besteht aus terti\u00e4rem Kalksandstein, der an seiner h\u00f6chsten Stelle in Form einer kleinen, weithin sichtbaren Felsformation an die Oberfl\u00e4che tritt. Der Kalksandstein wird von einer geh\u00f6lzfreien, ehemals beweideten Trockenrasen-Vegetation umgeben, die den Gro\u00dfteil des Gebietes umfasst.<\/p>\n<p>Hier kann man die Natur genie\u00dfen mit freiem Blick zum Neusiedler See, auf das Leithabebirge, den Goldberg und in das Wulkatal. Der \u201eH\u00f6lzelstein\u201c ist ein nach EU-Richtlinien gesch\u00fctzter Lebensraum.[\/vc_column_text][vc_column_text]<\/p>\n<p style=\"text-align: right\"><a href=\"https:\/\/oggau.at\/tourismus\/natur-kultur\/\">zur \u00dcbersicht <img loading=\"lazy\" decoding=\"async\" class=\"wp-image-85\" src=\"https:\/\/oggau.at\/gemeinde\/wp-content\/uploads\/sites\/3\/2021\/10\/up.png\" alt=\"zur \u00dcbersicht\" width=\"30\" height=\"30\" \/><\/a><\/p>\n<p>[\/vc_column_text][\/vc_column][\/vc_row][vc_row el_id=&#8220;weinwanderweg&#8220;][vc_column][vc_single_image image=&#8220;151&#8243; img_size=&#8220;full&#8220; el_class=&#8220;imgdesktop&#8220;][vc_single_image image=&#8220;234&#8243; img_size=&#8220;full&#8220; el_class=&#8220;imgmobile&#8220;][vc_column_text]<\/p>\n<h1>WEINWANDERWEG<\/h1>\n<p>Entlang den H\u00fcgeln der Oggauer Weinrieden besticht ein Lehrpfad durch seine wundersch\u00f6ne Lage und l\u00e4dt zu einem Spaziergang ein. Auf der<strong> 1,9 km langen Route<\/strong> gibt es Wissenswertes und Nostalgisches zu sehen. Verschiedene Stationen geben dem Weinwanderer einen \u00dcberblick \u00fcber den Weinbau.<br \/>\nDie<strong> Oggauer Weinlaubenkuppel\u00a0 <\/strong>befindet sich auf den Weinwanderweg Oggau und diese bietet sich zur Rast an. Der Radweg rund um den Neusiedler See f\u00fchrt direkt an ihr vor\u00fcber.<br \/>\nEin weiteres Highlight auf dem Weinwanderweg ist eine Aussichtsplattform, die einen herrlichen, freien Blick auf Oggau, das Weinbaugebiet und den Neusiedler See bietet.<br \/>\nEin schattiger <strong>Kinderspielplatz<\/strong> l\u00e4dt ebenso am Weinwanderweg zum Verweilen ein.<\/p>\n<p>F\u00fcr eine detaillierte Wegbeschreibung und zur Ermittlung der Distanz klicken Sie bitte <a href=\"https:\/\/www.outdooractive.com\/de\/route\/wanderung\/neusiedler-see\/weinwanderweg-oggau\/58224740\/#caml=asw,2r4kdz,7wr2jj,0,0\">hier<\/a>[\/vc_column_text][vc_column_text]<\/p>\n<p style=\"text-align: right\"><a href=\"https:\/\/oggau.at\/tourismus\/natur-kultur\/\">zur \u00dcbersicht <img loading=\"lazy\" decoding=\"async\" class=\"wp-image-85\" src=\"https:\/\/oggau.at\/gemeinde\/wp-content\/uploads\/sites\/3\/2021\/10\/up.png\" alt=\"zur \u00dcbersicht\" width=\"30\" height=\"30\" \/><\/a><\/p>\n<p>[\/vc_column_text][\/vc_column][\/vc_row][vc_row el_id=&#8220;weinlaubenkuppel&#8220;][vc_column][vc_single_image image=&#8220;150&#8243; img_size=&#8220;full&#8220; el_class=&#8220;imgdesktop&#8220;][vc_single_image image=&#8220;235&#8243; img_size=&#8220;full&#8220; el_class=&#8220;imgmobile&#8220;][vc_column_text]<\/p>\n<h1>WEINLAUBENKUPPEL<\/h1>\n<p>Zu Ehren des gegl\u00fcckten Zusammenspiels von Natur und Mensch im nat\u00fcrlichen Reigen der Jahreszeiten, ritualisierten unsere Vorfahren ihren Erntedank.<\/p>\n<p>Dem Dank und der Freude ist das Areal gewidmet, auf dem diese im Jahr 2000 &#8222;Oggauer Weinlaubenkuppel&#8220; errichtet wurde. Der Kuppeldurchmesser betr\u00e4gt 8 m und die Kuppelh\u00f6he 4 m. Der Tisch in der Mitte des Raumes bietet Platz f\u00fcr 12 Personen.<\/p>\n<p>Errichtet wurde dieses LandArt-Projekt vom burgenl\u00e4ndischen K\u00fcnstler Heinz Bruckschwaiger.<\/p>\n<p>Zur Rast soll die kuppelf\u00f6rmige Weinlaube unter der Himmelskuppel ermuntern, denn der Radweg rund um den Neusiedler See f\u00fchrt direkt an ihr vor\u00fcber. Umweht vom Atem des nahen Sees kann man hier die herrliche Aussicht genie\u00dfen und Ruhe und Erholung finden.[\/vc_column_text][vc_column_text]<\/p>\n<p style=\"text-align: right\"><a href=\"https:\/\/oggau.at\/tourismus\/natur-kultur\/\">zur \u00dcbersicht <img loading=\"lazy\" decoding=\"async\" class=\"wp-image-85\" src=\"https:\/\/oggau.at\/gemeinde\/wp-content\/uploads\/sites\/3\/2021\/10\/up.png\" alt=\"zur \u00dcbersicht\" width=\"30\" height=\"30\" \/><\/a><\/p>\n<p>[\/vc_column_text][\/vc_column][\/vc_row][vc_row el_id=&#8220;naturwanderweg&#8220;][vc_column][vc_single_image image=&#8220;148&#8243; img_size=&#8220;full&#8220; el_class=&#8220;imgdesktop&#8220;][vc_single_image image=&#8220;236&#8243; img_size=&#8220;full&#8220; el_class=&#8220;imgmobile&#8220;][vc_column_text]<\/p>\n<h1>NATURWANDERWEG<\/h1>\n<p>Der Naturwanderweg f\u00fchrt entlang der Randzone des Neusiedler Sees. Dieses Gebiet ist zweifellos eines der sch\u00f6nsten und interessantesten, aber auch empfindlichsten Landschaften Europas. Ca. 150 km\u00b2 geschlossener <b>Schilfbestand<\/b>, besonders stark entwickelt am Westufer (bis zu 4 km breit, Schilfhalme fast 4 m hoch), der f\u00fcr Dachdeckungen, Stukkaturrohr und Leichtbauplatten genutzt wird.<br \/>\nDas Schilf bietet auch vielen Tieren Schutz und Abgeschiedenheit sowie Nahrung, die sie zum Leben brauchen. <strong>Vielf\u00e4ltig ist die Tier- und Pflanzenwelt.<\/strong> Bei Ihrer Wanderung k\u00f6nnen Sie beobachten, wie Purpur- und Silberreiher \u00fcber den Schilfg\u00fcrtel fliegen oder wie Graug\u00e4nse, M\u00f6wen, Kiebitze, Rohrweihen und Wiedehopfe ihre Nahrung im angrenzenden Wiesenbereich suchen. Feldlerche, Pirol und Schilfrohrs\u00e4nger, die an ihrem typischen Gesang zu erkennen sind, sind hier ebenfalls zu h\u00f6ren. Seltene, zum Teil streng gesch\u00fctzte Pflanzen wie zum Beispiel Spinnenragwurz, wachsen hier und warten darauf, von Ihnen entdeckt zu werden.<\/p>\n<p>F\u00fcr eine detaillierte Wegbeschreibung und zur Ermittlung der Distanz klicken Sie bitte <a href=\"https:\/\/www.outdooractive.com\/de\/route\/laufen\/neusiedler-see\/naturweg-oggau\/1486492\/#caml=99c,2r8vq1,7wvlhh,0,0\">hier<\/a>[\/vc_column_text][vc_column_text]<\/p>\n<p style=\"text-align: right\"><a href=\"https:\/\/oggau.at\/tourismus\/natur-kultur\/\">zur \u00dcbersicht <img loading=\"lazy\" decoding=\"async\" class=\"wp-image-85\" src=\"https:\/\/oggau.at\/gemeinde\/wp-content\/uploads\/sites\/3\/2021\/10\/up.png\" alt=\"zur \u00dcbersicht\" width=\"30\" height=\"30\" \/><\/a><\/p>\n<p>[\/vc_column_text][\/vc_column][\/vc_row][vc_row el_id=&#8220;kulturwanderweg&#8220;][vc_column][vc_single_image image=&#8220;146&#8243; img_size=&#8220;full&#8220; el_class=&#8220;imgdesktop&#8220;][vc_single_image image=&#8220;237&#8243; img_size=&#8220;full&#8220; el_class=&#8220;imgmobile&#8220;][vc_column_text]<\/p>\n<h1>KULTURWANDERWEG<\/h1>\n<p>Bei einer Wanderung am Kulturwanderweg laden vor allem der weithin sichtbare <strong>H\u00f6lzelstein<\/strong> und die verschiedenen<strong> Kapellen, Bildst\u00f6cke und Wegkreuze<\/strong>,\u00a0die durchwegs im Weinbaugebiet errichtet sind, zum Verweilen ein.<\/p>\n<p>Die kulturellen Sch\u00e4tze unserer Gemeinde sind die Pfarrkirche zur Hl. Dreifaltigkeit, die Kreuzkapelle und die Rosaliakapelle.<\/p>\n<p>Sehenswert im Ortszentrum sind die in geschlossener Verbauung stehenden Streck- und Hakenh\u00f6fe. Diese sind zum Teil in ihrem Ursprung erhalten geblieben, wie Giebel- und Walmgiebelh\u00e4user mit Erker, Lauben und Ausschaufenster (\u201eSpion\u201c) erkennen lassen. Auffallend ist der Abstand zwischen den H\u00e4usern (\u201eReiha\u201c). Beeindruckend sind die Fassaden im Jugenstildekor (Rusterstra\u00dfe) und die noch gut erhaltenen Scheunenreihen.<\/p>\n<p>F\u00fcr eine detaillierte Wegbeschreibung und zur Ermittlung der Distanz klicken Sie bitte <a href=\"https:\/\/www.outdooractive.com\/de\/route\/laufen\/neusiedler-see\/kulturwanderweg-oggau\/1538949\/#caml=a14,2r5009,7wtd3v,0,0\">hier<\/a>[\/vc_column_text][vc_column_text]<\/p>\n<p style=\"text-align: right\"><a href=\"https:\/\/oggau.at\/tourismus\/natur-kultur\/\">zur \u00dcbersicht <img loading=\"lazy\" decoding=\"async\" class=\"wp-image-85\" src=\"https:\/\/oggau.at\/gemeinde\/wp-content\/uploads\/sites\/3\/2021\/10\/up.png\" alt=\"zur \u00dcbersicht\" width=\"30\" height=\"30\" \/><\/a><\/p>\n<p>[\/vc_column_text][\/vc_column][\/vc_row][vc_row el_id=&#8220;moost&#8220;][vc_column][vc_single_image image=&#8220;147&#8243; img_size=&#8220;full&#8220; el_class=&#8220;imgdesktop&#8220;][vc_single_image image=&#8220;238&#8243; img_size=&#8220;full&#8220; el_class=&#8220;imgmobile&#8220;][vc_column_text]<\/p>\n<h1>MOOST WEINERLEBNISWEG<\/h1>\n<p><strong>&#8222;Wandern wo der Wein w\u00e4chst&#8220;.<\/strong><\/p>\n<p>Nach diesem Motto laden vier burgenl\u00e4ndische Gemeinden zum Wandern und Genie\u00dfen ein. Der ca. 38 km lange Weinwanderweg f\u00fchrt durch M\u00f6rbisch, Oslip, Oggau und St. Margarethen \u2013 kurz MOOST genannt.<\/p>\n<p>Ein wahres Eldorado erstreckt sich f\u00fcr Wanderer und Radfahrer entlang des Wanderweges.<\/p>\n<p>Im Mittelpunkt steht der Wein, der zum Erlebnis wird. Besucher lernen im Vor\u00fcbergehen an 21 Erlebnisstationen interessante Besonderheiten rund um den Wein kennen. Die Stationen befinden sich auf dem jeweiligen Gemeindegebiet und werden durch ein Wegleitsystem miteinander verbunden.<\/p>\n<p>Bei der Wanderung markieren 8 durch ein Rufzeichen gekennzeichnete Informationstafeln die Route. Diese geben Auskunft \u00fcber Themen wie z. B. Sehenswertes in der jeweiligen Gemeinde oder weisen auf Attraktionen oder Besonderheiten im Ort hin.<\/p>\n<p>Kulinarisch winkt Ihnen eine gro\u00dfe Auswahl an Weing\u00fctern, Heurigen und Buschensch\u00e4nken, in denen Sie nach der Erlebniswanderung die ausgezeichneten Weine verkosten und regionale Schmankerl in authentischer Atmosph\u00e4re genie\u00dfen k\u00f6nnen.<\/p>\n<p>F\u00fcr eine detaillierte Wegbeschreibung und zur Ermittlung der Distanz klicken Sie bitte <a href=\"https:\/\/www.outdooractive.com\/de\/route\/wanderung\/moost-der-weinerlebnisweg\/16710578\/#caml=7ps,2qq9nf,7wjvmz,0,0\">hier<\/a>[\/vc_column_text][vc_column_text]<\/p>\n<p style=\"text-align: right\"><a href=\"https:\/\/oggau.at\/tourismus\/natur-kultur\/\">zur \u00dcbersicht <img loading=\"lazy\" decoding=\"async\" class=\"wp-image-85\" src=\"https:\/\/oggau.at\/gemeinde\/wp-content\/uploads\/sites\/3\/2021\/10\/up.png\" alt=\"zur \u00dcbersicht\" width=\"30\" height=\"30\" \/><\/a><\/p>\n<p>[\/vc_column_text][\/vc_column][\/vc_row][vc_row el_id=&#8220;rundwanderweg&#8220;][vc_column][vc_single_image image=&#8220;149&#8243; img_size=&#8220;full&#8220; el_class=&#8220;imgdesktop&#8220;][vc_single_image image=&#8220;239&#8243; img_size=&#8220;full&#8220; el_class=&#8220;imgmobile&#8220;][vc_column_text]<\/p>\n<h1>RUNDWANDERWEG OSLIP-SCH\u00dcTZEN-OGGAU<\/h1>\n<p>Entdecken Sie den Natur- und Kulturraum rund um Oslip, Sch\u00fctzen am Gebirge und Oggau am Neusiedler See. Die Wege bestechen durch fantastische Ausblicke zum Neusiedler See und einzigartige Ortskerne mit den typisch burgenl\u00e4ndischen Giebelh\u00e4usern und den langgezogenen Streckh\u00f6fen.<\/p>\n<p>Dieser Rundwanderweg f\u00fchrt Sie durch Oslip, Sch\u00fctzen am Gebirge und Oggau am Neusiedler See, vorbei am UNESCO Aussichtsturm, dem Gipfelkreuz am Seeberg und dem Retentionsbecken Oslip und bietet ausreichend lauschige Rastpl\u00e4tze in der Natur f\u00fcr eine kleine Pause an.<\/p>\n<p>F\u00fcr eine\u00a0detaillierte Wegbeschreibung und zur Ermittlung der Distanz klicken Sie\u00a0bitte\u00a0<a href=\"https:\/\/www.outdooractive.com\/de\/route\/wanderung\/neusiedler-see\/rundwanderweg-oslip-schuetzen-oggau\/58223463\/#caml=99c,2qza2f,7wt6i5,0,0\">hier<\/a>[\/vc_column_text][vc_column_text]<\/p>\n<p style=\"text-align: right\"><a href=\"https:\/\/oggau.at\/tourismus\/natur-kultur\/\">zur \u00dcbersicht <img loading=\"lazy\" decoding=\"async\" class=\"wp-image-85\" src=\"https:\/\/oggau.at\/gemeinde\/wp-content\/uploads\/sites\/3\/2021\/10\/up.png\" alt=\"zur \u00dcbersicht\" width=\"30\" height=\"30\" \/><\/a><\/p>\n<p>[\/vc_column_text][\/vc_column][\/vc_row][vc_row el_id=&#8220;gipfelkreuz&#8220;][vc_column][vc_single_image image=&#8220;143&#8243; img_size=&#8220;full&#8220; el_class=&#8220;imgdesktop&#8220;][vc_single_image image=&#8220;240&#8243; img_size=&#8220;full&#8220; el_class=&#8220;imgmobile&#8220;][vc_column_text]<\/p>\n<h1>GIPFELKREUZ AM SEEBERG<\/h1>\n<p>Der Seeberg gilt mit seinen 211 m als h\u00f6chste Erhebung des Oggauer Hotters und ist leicht zu erwandern. Hier thront ein wundersch\u00f6nes Wander- und Bergsteigerkreuz auf einem 4 Tonnen schweren Monolithen. Es wurde von einem Oggauer Alpinisten als Dankbarkeit f\u00fcr die vielen unfallfreien Bergtouren errichtet. Mitgebrachte Steine von allen sieben Kontinenten s\u00e4umen als \u201eInternationaler Steinh\u00fcgel\u201c die einzigartige Anlage. Zudem erwartet die Wanderer in dieser Naturoase ein Bibliothekskasten, der zum Lesen und zum Innehalten einl\u00e4dt. Der Seeberg ist ein Kleinod f\u00fcr K\u00f6rper, Geist und Seele.[\/vc_column_text][vc_column_text]<\/p>\n<p style=\"text-align: right\"><a href=\"https:\/\/oggau.at\/tourismus\/natur-kultur\/\">zur \u00dcbersicht <img loading=\"lazy\" decoding=\"async\" class=\"wp-image-85\" src=\"https:\/\/oggau.at\/gemeinde\/wp-content\/uploads\/sites\/3\/2021\/10\/up.png\" alt=\"zur \u00dcbersicht\" width=\"30\" height=\"30\" \/><\/a><\/p>\n<p>[\/vc_column_text][\/vc_column][\/vc_row][vc_row el_id=&#8220;kirche&#8220;][vc_column][vc_single_image image=&#8220;145&#8243; img_size=&#8220;full&#8220; el_class=&#8220;imgdesktop&#8220;][vc_single_image image=&#8220;241&#8243; img_size=&#8220;full&#8220; el_class=&#8220;imgmobile&#8220;][vc_column_text]<\/p>\n<h1>KIRCHE OGGAU<\/h1>\n<p>Der Grundriss und die herrliche Raumwirkung der Kirche lassen erkennen, dass der Baumeister sein Handwerk trefflich verstanden hat. Es handelt sich dabei mit gro\u00dfer Wahrscheinlichkeit um den Schwiegersohn von Matthias Wei\u00dfenb\u00f6ck, Franz Anton Pilgram.<\/p>\n<p>Au\u00dfenbau: Abseits der Hauptstra\u00dfe von Oggau steht weithin sichtbar und das Ortsbild pr\u00e4gend, die nach Osten ausgerichtete Pfarrkirche.<\/p>\n<p>Den einheitlichen Barockbau mit dem gedrungenen, einschiffigen Langhaus mit abgewalmten Satteldach \u00fcberragt ein zweigeschossiger, 36 m hoher Turm. Der mansardenf\u00f6rmige Turm ist mit Kupferblech gedeckt.<\/p>\n<p>Innenbau: Durch das Hauptportal an der Westfront oder den n\u00f6rdlichen Anbau betritt man die niedrige, kreuzgratgew\u00f6lbte Turmvorhalle. S\u00fcdlich davon liegt, einige Stufen tiefer, die Taufkapelle.<\/p>\n<p>Die Gesamtl\u00e4nge der Kirche betr\u00e4gt 29 m.<\/p>\n<p>Matthias Wei\u00dfenb\u00f6ck, ein geb\u00fcrtiger Oggauer, der als Waisenkind nach Wien kam und es dort als Kaufmann zu gro\u00dfem Reichtum brachte, finanzierte den Bau der Barockkirche (1727 bis 1731) &#8211; das Schmuckst\u00fcck der Oggauer Pfarre.<\/p>\n<p>Die Oggauer Kirche kann man getrost als &#8222;Dorfkathedrale&#8220; bezeichnen. Die Harmonie der Linien und Formen und die gro\u00dfartigen Proportionen der Bauelemente verleihen der Kirche eine erhabene Sch\u00f6nheit und bezeugen das K\u00f6nnen des Planers.<\/p>\n<p>Besonders sehenswert sind das Hochaltarbild, die von den 12 Aposteln angebetete Dreifaltigkeit darstellend (um 1690), der wundersch\u00f6ne Rokokoaltar zu Ehren Maria vom guten Rate (Marienaltar 1764) mit reich geschm\u00fccktem Schrein samt Rocailledekor und die Taufkapelle &#8211; der \u00dcberlieferung nach einziger Rest der alten Kirche &#8211; mit Marienstatue (1708). Im Vorraum der Kirche befindet sich ein sp\u00e4tr\u00f6mischer Grabstein.[\/vc_column_text][vc_column_text]<\/p>\n<p style=\"text-align: right\"><a href=\"https:\/\/oggau.at\/tourismus\/natur-kultur\/\">zur \u00dcbersicht <img loading=\"lazy\" decoding=\"async\" class=\"wp-image-85\" src=\"https:\/\/oggau.at\/gemeinde\/wp-content\/uploads\/sites\/3\/2021\/10\/up.png\" alt=\"zur \u00dcbersicht\" width=\"30\" height=\"30\" \/><\/a><\/p>\n<p>[\/vc_column_text][\/vc_column][\/vc_row]<\/p>\n","protected":false},"excerpt":{"rendered":"<p>[vc_row el_id=&#8220;hoelzelstein&#8220;][vc_column][vc_single_image image=&#8220;144&#8243; img_size=&#8220;full&#8220; el_class=&#8220;imgdesktop&#8220;][vc_single_image image=&#8220;233&#8243; img_size=&#8220;full&#8220; el_class=&#8220;imgmobile&#8220;][vc_column_text] H\u00d6LZELSTEIN \u201eAyers Rock\u201c wurde der H\u00f6lzelstein bei Oggau schon genannt \u2013 was nat\u00fcrlich eine \u00dcbertreibung ist. Dieser ist eher nur ein \u201eRockerl\u201c. Eines hat der burgenl\u00e4ndische Felsen mit dem weltber\u00fchmten australischen Monolithen gemeinsam: Auch er wirkt in einem flachen Land wie vom Himmel gefallen. Der \u201eH\u00f6lzelstein\u201c ist [&hellip;]<\/p>\n","protected":false},"author":1,"featured_media":152,"parent":128,"menu_order":0,"comment_status":"closed","ping_status":"closed","template":"","meta":{"ocean_post_layout":"","ocean_both_sidebars_style":"","ocean_both_sidebars_content_width":0,"ocean_both_sidebars_sidebars_width":0,"ocean_sidebar":"0","ocean_second_sidebar":"0","ocean_disable_margins":"enable","ocean_add_body_class":"","ocean_shortcode_before_top_bar":"","ocean_shortcode_after_top_bar":"","ocean_shortcode_before_header":"","ocean_shortcode_after_header":"","ocean_has_shortcode":"","ocean_shortcode_after_title":"","ocean_shortcode_before_footer_widgets":"","ocean_shortcode_after_footer_widgets":"","ocean_shortcode_before_footer_bottom":"","ocean_shortcode_after_footer_bottom":"","ocean_display_top_bar":"default","ocean_display_header":"default","ocean_header_style":"","ocean_center_header_left_menu":"0","ocean_custom_header_template":"0","ocean_custom_logo":0,"ocean_custom_retina_logo":0,"ocean_custom_logo_max_width":0,"ocean_custom_logo_tablet_max_width":0,"ocean_custom_logo_mobile_max_width":0,"ocean_custom_logo_max_height":0,"ocean_custom_logo_tablet_max_height":0,"ocean_custom_logo_mobile_max_height":0,"ocean_header_custom_menu":"0","ocean_menu_typo_font_family":"0","ocean_menu_typo_font_subset":"","ocean_menu_typo_font_size":0,"ocean_menu_typo_font_size_tablet":0,"ocean_menu_typo_font_size_mobile":0,"ocean_menu_typo_font_size_unit":"px","ocean_menu_typo_font_weight":"","ocean_menu_typo_font_weight_tablet":"","ocean_menu_typo_font_weight_mobile":"","ocean_menu_typo_transform":"","ocean_menu_typo_transform_tablet":"","ocean_menu_typo_transform_mobile":"","ocean_menu_typo_line_height":0,"ocean_menu_typo_line_height_tablet":0,"ocean_menu_typo_line_height_mobile":0,"ocean_menu_typo_line_height_unit":"","ocean_menu_typo_spacing":0,"ocean_menu_typo_spacing_tablet":0,"ocean_menu_typo_spacing_mobile":0,"ocean_menu_typo_spacing_unit":"","ocean_menu_link_color":"","ocean_menu_link_color_hover":"","ocean_menu_link_color_active":"","ocean_menu_link_background":"","ocean_menu_link_hover_background":"","ocean_menu_link_active_background":"","ocean_menu_social_links_bg":"","ocean_menu_social_hover_links_bg":"","ocean_menu_social_links_color":"","ocean_menu_social_hover_links_color":"","ocean_disable_title":"default","ocean_disable_heading":"default","ocean_post_title":"","ocean_post_subheading":"","ocean_post_title_style":"","ocean_post_title_background_color":"","ocean_post_title_background":0,"ocean_post_title_bg_image_position":"","ocean_post_title_bg_image_attachment":"","ocean_post_title_bg_image_repeat":"","ocean_post_title_bg_image_size":"","ocean_post_title_height":0,"ocean_post_title_bg_overlay":0.5,"ocean_post_title_bg_overlay_color":"","ocean_disable_breadcrumbs":"default","ocean_breadcrumbs_color":"","ocean_breadcrumbs_separator_color":"","ocean_breadcrumbs_links_color":"","ocean_breadcrumbs_links_hover_color":"","ocean_display_footer_widgets":"default","ocean_display_footer_bottom":"default","ocean_custom_footer_template":"0","footnotes":"","_links_to":"","_links_to_target":""},"_links":{"self":[{"href":"https:\/\/www.oggau.at\/tourismus\/wp-json\/wp\/v2\/pages\/141"}],"collection":[{"href":"https:\/\/www.oggau.at\/tourismus\/wp-json\/wp\/v2\/pages"}],"about":[{"href":"https:\/\/www.oggau.at\/tourismus\/wp-json\/wp\/v2\/types\/page"}],"author":[{"embeddable":true,"href":"https:\/\/www.oggau.at\/tourismus\/wp-json\/wp\/v2\/users\/1"}],"replies":[{"embeddable":true,"href":"https:\/\/www.oggau.at\/tourismus\/wp-json\/wp\/v2\/comments?post=141"}],"version-history":[{"count":11,"href":"https:\/\/www.oggau.at\/tourismus\/wp-json\/wp\/v2\/pages\/141\/revisions"}],"predecessor-version":[{"id":516,"href":"https:\/\/www.oggau.at\/tourismus\/wp-json\/wp\/v2\/pages\/141\/revisions\/516"}],"up":[{"embeddable":true,"href":"https:\/\/www.oggau.at\/tourismus\/wp-json\/wp\/v2\/pages\/128"}],"wp:featuredmedia":[{"embeddable":true,"href":"https:\/\/www.oggau.at\/tourismus\/wp-json\/wp\/v2\/media\/152"}],"wp:attachment":[{"href":"https:\/\/www.oggau.at\/tourismus\/wp-json\/wp\/v2\/media?parent=141"}],"curies":[{"name":"wp","href":"https:\/\/api.w.org\/{rel}","templated":true}]}}