{"id":15,"date":"2021-10-04T08:25:18","date_gmt":"2021-10-04T06:25:18","guid":{"rendered":"http:\/\/oggau.insyde.at\/?page_id=3"},"modified":"2021-12-20T09:23:29","modified_gmt":"2021-12-20T08:23:29","slug":"datenschutzerklaerung","status":"publish","type":"page","link":"https:\/\/www.oggau.at\/tourismus\/datenschutzerklaerung\/","title":{"rendered":"Datenschutzerkl\u00e4rung"},"content":{"rendered":"<p>[vc_row][vc_column][vc_column_text]<strong>Allgemeine Datenschutzmitteilung der Marktgemeinde Oggau am Neusiedler See<\/strong><\/p>\n<p>Da uns die Sicherheit der Daten der B\u00fcrgerinnen und B\u00fcrger und unserer Kundinnen und Kunden sehr wichtig ist, m\u00f6chten wir Sie nachstehend \u00fcber die Verarbeitung Ihrer personenbezogenen Daten informieren. Alle Daten werden nur zu bestimmten rechtm\u00e4\u00dfigen Zwecken verarbeitet.<\/p>\n<p><strong>Welche Daten werden auf welcher Grundlage und wie lange verarbeitet?<\/strong><\/p>\n<p>Die Marktgemeinde Oggau am Neusiedler See f\u00fchrt zur Erf\u00fcllung ihrer umfassenden Aufgaben vielf\u00e4ltige Datenverarbeitungen durch. Die Marktgemeine Oggau am Neusiedler See ist verpflichtet, Aufgaben, die im \u00f6ffentlichen Interesse liegen oder in Aus\u00fcbung \u00f6ffentlicher Gewalt erfolgen, zu erledigen. Gr\u00f6\u00dftenteils beruht die Verarbeitung Ihrer Daten auf einer gesetzlichen Verpflichtung, ist zur Erf\u00fcllung eines Vertrages bzw. im Rahmen vorvertraglicher Ma\u00dfnahmen erforderlich oder dient der Wahrnehmung von Aufgaben, die im \u00f6ffentlichen Interesse liegen. Aus den unterschiedlichen Gesetzen und sonstigen Normen ergibt sich, welche Arten von personenbezogenen Daten konkret dabei dem jeweiligen Zweck entsprechend verarbeitet werden m\u00fcssen.<\/p>\n<p>In manchen F\u00e4llen erfolgt die Verarbeitung personenbezogener Daten auf der Grundlage von Einwilligungserkl\u00e4rungen. Einwilligungen k\u00f6nnen jederzeit ohne Angabe von Gr\u00fcnden widerrufen werden. Die Rechtm\u00e4\u00dfigkeit der bis zum Widerruf erfolgten Datenverarbeitung bleibt vom Widerruf unber\u00fchrt. Die Daten werden nach dem Widerruf nicht mehr f\u00fcr den Zweck, f\u00fcr den die Einwilligung erteilt wurde, verwendet.<\/p>\n<p>Die Marktgemeinde Oggau am Neusiedler See stellt als Verantwortliche personenbezogener Daten sicher, dass Ihre personenbezogenen Daten im Sinne der geltenden datenschutzrechtlichen Normen behandelt und entsprechend gesch\u00fctzt werden.<\/p>\n<p>Im Zuge von Veranstaltungen der Gemeinde Oggau werden mitunter Fotos gemacht, die zur Darstellung der Aktivit\u00e4ten der Gemeinde Oggau vereinzelt ver\u00f6ffentlicht werden. Diesbez\u00fcglich gilt als Rechtsgrundlage der Verarbeitung personenbezogener Daten Art. 6 Abs. 1 lit. f der Datenschutz-Grundverordnung. Sollten Sie keine Ver\u00f6ffentlichung von Fotos, auf denen Sie zu sehen sind, w\u00fcnschen, bitten wir um Mitteilung beim Fotografen der Veranstaltung.<\/p>\n<p>Wenn Sie im Rahmen von allgemeinen Anfragen telefonisch per Fax, per E-Mail oder \u00fcber unser Kontaktformular mit uns Kontakt aufnehmen, werden die von Ihnen angegebenen Daten (das sind in der Regel: Name, Kontaktdaten, Thema der Anfrage) zwecks Bearbeitung der Anfrage und f\u00fcr den Fall von R\u00fcckfragen verarbeitet. Diese Daten werden nicht an Dritte weitergegeben.<\/p>\n<p>Gespeichert werden Ihre Daten nur so lange, wie sie f\u00fcr den jeweiligen Zweck ben\u00f6tigt werden und es die normativ vorgegebenen Aufbewahrungsfristen vorsehen oder Verj\u00e4hrungsfristen potentieller Rechtsanspr\u00fcche noch nicht abgelaufen sind. Danach werden die personenbezogenen Daten gel\u00f6scht.<\/p>\n<p><strong>Im Zuge Ihres Besuches dieser Website werden folgende Informationen erhoben:<\/strong><\/p>\n<p>Protokolldaten unserer Website: Datum und Uhrzeit des Aufrufs einer Seite auf unserer Website, Ihre IP-Adresse, Name und Version Ihres Web-Browsers, sowie die Webseite (URL), die Sie vor dem Aufruf dieser Website besucht haben. Die Datenschutz-Grundverordnung verpflichtet uns, unsere IT-Infrastruktur zu sch\u00fctzen. Um die Funktionsf\u00e4higkeit unserer Firewall zu gew\u00e4hrleisten, m\u00fcssen wir die IP-Adressen bzw. die Domain-Namen von Besuchern unserer Webseiten erfassen und verarbeiten.<\/p>\n<p><strong>Cookies<\/strong><\/p>\n<p>Wir verwenden Cookies, um Inhalte und Anzeigen zu personalisieren, Funktionen f\u00fcr soziale Medien anbieten zu k\u00f6nnen und die Zugriffe auf unserer Website zu analysieren.<\/p>\n<p>Cookies sind kleine Textdateien, die von Webseiten verwendet werden, um die Benutzererfahrung effizienter zu gestalten. Laut Gesetz k\u00f6nnen wir Cookies auf Ihrem Ger\u00e4t speichern, wenn diese f\u00fcr den Betrieb dieser Seite unbedingt notwendig sind. F\u00fcr alle anderen Cookie-Typen ben\u00f6tigen wir Ihre Erlaubnis. Diese Seite verwendet unterschiedliche Cookie-Typen. Einige Cookies werden von Drittparteien platziert, die auf unserer Seite erscheinen.<\/p>\n<p>Sie k\u00f6nnen Ihre Einwilligung jederzeit von der Cookie-Erkl\u00e4rung auf unserer Website \u00e4ndern oder widerrufen.<\/p>\n<p>Ihre Einwilligung trifft auf die folgende Domain zu: oggau.at<\/p>\n<p><strong>Ben\u00f6tigte Cookies<\/strong><\/p>\n<p><strong>Erforderlich <\/strong><\/p>\n<p>Technisch erforderliche Cookies dienen dazu, um den technischen Betrieb einer Webseite zu erm\u00f6glichen und diese f\u00fcr Sie funktional nutzbar zu machen. Die Nutzung erfolgt aufgrund unseres berechtigten Interesses eine technisch einwandfreie Webseite anzubieten. Sie k\u00f6nnen jedoch generell die Cookie Nutzung in Ihrem Browser deaktivieren.<\/p>\n<table>\n<tbody>\n<tr>\n<td><strong>Name<\/strong><\/td>\n<td><strong>Zweck<\/strong><\/td>\n<td><strong>Ersteller<\/strong><\/td>\n<td width=\"93\"><strong>Speicherdauer<\/strong><\/td>\n<td width=\"96\"><strong>Domain<\/strong><\/td>\n<\/tr>\n<tr>\n<td><strong>CookieLawInfoConsent<\/strong><\/td>\n<td>stellt die Funktionsf\u00e4higkeit und Bedienbarkeit der Seite sicher und dient zur Nachverfolgung von Fehlern.<\/td>\n<td><\/td>\n<td width=\"93\">1 Jahr<\/td>\n<td width=\"96\">oggau.at<\/td>\n<\/tr>\n<tr>\n<td><strong>cookielawinfo-checkbox-necessary<\/strong><\/td>\n<td>stellt die Funktionsf\u00e4higkeit und Bedienbarkeit der Seite sicher und dient zur Nachverfolgung von Fehlern.<\/td>\n<td><\/td>\n<td width=\"93\">1 Jahr<\/td>\n<td width=\"96\">oggau.at<\/td>\n<\/tr>\n<tr>\n<td><strong>cookielawinfo-checkbox-non-necessary<\/strong><\/td>\n<td>stellt die Funktionsf\u00e4higkeit und Bedienbarkeit der Seite sicher und dient zur Nachverfolgung von Fehlern.<\/td>\n<td><\/td>\n<td width=\"93\">1 Jahr<\/td>\n<td width=\"96\">oggau.at<\/td>\n<\/tr>\n<tr>\n<td><strong>trx_addons_is_retina<\/strong><\/td>\n<td>stellt die Funktionsf\u00e4higkeit und Bedienbarkeit der Seite sicher und dient zur Nachverfolgung von Fehlern.<\/td>\n<td><\/td>\n<td width=\"93\">1 Jahr<\/td>\n<td width=\"96\">oggau.at<\/td>\n<\/tr>\n<tr>\n<td><strong>viewed_cookie_policy<\/strong><\/td>\n<td>stellt die Funktionsf\u00e4higkeit und Bedienbarkeit der Seite sicher und dient zur Nachverfolgung von Fehlern.<\/td>\n<td><\/td>\n<td width=\"93\">1 Jahr<\/td>\n<td width=\"96\">oggau.at<\/td>\n<\/tr>\n<tr>\n<td><\/td>\n<td><\/td>\n<td><\/td>\n<td width=\"93\"><\/td>\n<td width=\"96\"><\/td>\n<\/tr>\n<tr>\n<td><\/td>\n<td><\/td>\n<td><\/td>\n<td width=\"93\"><\/td>\n<td width=\"96\"><\/td>\n<\/tr>\n<\/tbody>\n<\/table>\n<p><strong>Statistik<\/strong><\/p>\n<p>Statistik-Cookies sammeln Informationen dar\u00fcber, wie Webseiten genutzt werden, um folglich deren Attraktivit\u00e4t, Inhalt und Funktionalit\u00e4t zu verbessern. Eine Nutzung erfolgt nur mit Ihrer Einwilligung und zwar nur solange Sie das jeweilige Cookie nicht deaktiviert haben. Daf\u00fcr setzen wir Dienstleister aus den USA ein und Sie k\u00f6nnen von keinem angemessenen Datenschutzniveau ausgehen. Indem Sie der Verwendung der Cookies dieser Anbieter zustimmen, willigen Sie auch ausdr\u00fccklich in die Verarbeitung Ihrer Daten in den USA ein (Art 49(1)(a) DSGVO).<\/p>\n<table>\n<tbody>\n<tr>\n<td><strong>Name<\/strong><\/td>\n<td><strong>Zweck<\/strong><\/td>\n<td><strong>Ersteller<\/strong><\/td>\n<td><strong>Speicherdauer<\/strong><\/td>\n<td><strong>Domain<\/strong><\/td>\n<\/tr>\n<tr>\n<td><\/td>\n<td><\/td>\n<td><\/td>\n<td><\/td>\n<td><\/td>\n<\/tr>\n<tr>\n<td><strong>_ga<\/strong><\/td>\n<td>enth\u00e4lt \u00a0Informationen um die Unterscheidung von Nutzern der Seite zu erm\u00f6glichen. Sammelt Daten \u00fcber Besuche des Nutzers, wie zum Beispiel welche Seiten von Relevanz sind.<\/td>\n<td>Google<\/td>\n<td>2 Jahre<\/td>\n<td>oggau.at<\/td>\n<\/tr>\n<tr>\n<td><strong>_gat_gtag_UA_<\/strong><\/td>\n<td>enth\u00e4lt \u00a0Informationen um die Unterscheidung von Nutzern der Seite zu erm\u00f6glichen. Sammelt Daten \u00fcber Besuche des Nutzers, wie zum Beispiel welche Seiten von Relevanz sind.<\/td>\n<td>Google<\/td>\n<td>1 Minute<\/td>\n<td>oggau.at<\/td>\n<\/tr>\n<tr>\n<td><strong>_gid<\/strong><\/td>\n<td>enth\u00e4lt \u00a0Informationen um die Unterscheidung von Nutzern der Seite zu erm\u00f6glichen. Sammelt Daten \u00fcber Besuche des Nutzers, wie zum Beispiel welche Seiten von Relevanz sind.<\/td>\n<td>Google<\/td>\n<td>1 Tag<\/td>\n<td>oggau.at<\/td>\n<\/tr>\n<\/tbody>\n<\/table>\n<p>&nbsp;<\/p>\n<p>Diese Website benutzt Google Analytics, einen Webdienst der Google Analytics der Google Inc., 1600 Amphitheatre Parkway Mountain View, CA 94043, USA. Google Analytics verwendet Cookies, Textdateien, die eine Analyse Ihrer Nutzung unserer Online-Dienste erm\u00f6glichen. Die durch Cookies erhobenen Informationen \u00fcber Ihr Nutzerverhalten werden in der Regel an einen Server von Google in den USA \u00fcbertragen und dort gespeichert. Wir speichern keine Daten, die im Zusammenhang mit Google Analytics erhoben werden. Sie k\u00f6nnen die Speicherung der Cookies durch eine entsprechende Einstellung Ihrer Browser-Software verhindern; wir weisen Sie jedoch darauf hin, dass Sie in diesem Fall gegebenenfalls nicht s\u00e4mtliche Funktionen unserer Online-Dienste vollumf\u00e4nglich nutzen k\u00f6nnen. Sie k\u00f6nnen dar\u00fcber hinaus die Erfassung der durch Cookies erzeugten und auf Ihre Nutzung einer Website bezogenen Daten (inkl. Ihrer IP-Adresse) an Google sowie die Verarbeitung dieser Daten durch Google verhindern, indem sie das unter dem folgenden Link (http:\/\/tools.google.com\/dlpage\/gaoptout?hl=de) verf\u00fcgbare Browser-Plugin herunterladen und installieren. N\u00e4here Informationen zu den Nutzungsbedingungen und zum Datenschutz finden Sie unter <a href=\"https:\/\/www.google.at\/analytics\/terms\/de.html\" target=\"_blank\" rel=\"noopener\">https:\/\/www.google.at\/analytics\/terms\/de.html<\/a> bzw. unter<a href=\"https:\/\/www.google.com\/intl\/de\/policies\/\" target=\"_blank\" rel=\"noopener\"> https:\/\/www.google.com\/intl\/de\/policies\/<\/a>.<\/p>\n<p>Diese Internetseite beinhaltet mindestens ein Plugin von YouTube. Betreibergesellschaft von YouTube ist die YouTube, LLC, 901 Cherry Ave., San Bruno, CA 94066, USA. Die YouTube, LLC ist einer Tochtergesellschaft der Google Inc., 1600 Amphitheatre Pkwy, Mountain View, CA 94043-1351, USA.<br \/>\nSobald Sie mit einem YouTube-Plugin ausgestattete Seiten unserer Internetpr\u00e4senz besuchen, wird eine Verbindung zu den Servern von YouTube aufgebaut. Dabei wird dem YouTube-Server mitgeteilt, welche spezielle Seite unserer Internetpr\u00e4senz von Ihnen besucht wurde. Sollten Sie obendrein in Ihrem YouTube-Account eingeloggt sein, w\u00fcrden Sie es YouTube erm\u00f6glichen, Ihr Surfverhalten direkt Ihrem pers\u00f6nlichen Profil zuzuordnen. Sie k\u00f6nnen diese M\u00f6glichkeit der Zuordnung ausschlie\u00dfen, wenn Sie sich vor dem Besuch unserer Webseiten aus Ihrem Account ausloggen.<\/p>\n<p>Weitere Informationen zur Erhebung und Nutzung Ihrer Daten durch YouTube erhalten Sie in den Hinweisen zum Datenschutz unter Die den von YouTube ver\u00f6ffentlichten Datenschutzbestimmungen, die unter: <a href=\"http:\/\/www.google.de\/intl\/de\/policies\/privacy\/\" target=\"_blank\" rel=\"noopener\">www.google.de\/intl\/de\/policies\/privacy\/<\/a>.<\/p>\n<p>Wir verarbeiten Ihre personenbezogenen Daten im Zusammenhang mit dem Besuch unserer Website zu folgenden Zwecken:<\/p>\n<p>&#8211; um Ihnen diese Website zur Verf\u00fcgung zu stellen und um diese Website weiter zu verbessern und zu entwickeln;<\/p>\n<p>&#8211; um Nutzungsstatistiken erstellen zu k\u00f6nnen;<\/p>\n<p>&#8211; um Angriffe auf unsere Website erkennen, verhindern und untersuchen zu k\u00f6nnen.<\/p>\n<p>Die rechtliche Grundlage f\u00fcr die Verarbeitung Ihrer personenbezogenen Daten im Zuge des Besuches unserer Website ist unser \u00fcberwiegendes berechtigtes Interesse (gem\u00e4\u00df Art. 6 Abs. 1 lit. f der Datenschutz-Grundverordnung), welches darin besteht, die oben genannten Zwecke zu erreichen.<\/p>\n<p>Website Protokolldaten werden innerhalb von drei Monaten wieder gel\u00f6scht. Eine l\u00e4ngere Speicherung erfolgt nur, soweit dies erforderlich ist, um festgestellte Angriffe auf unsere Website zu untersuchen.<\/p>\n<p><strong>Rechte in Zusammenhang mit der Verarbeitung von personenbezogenen Daten<\/strong><\/p>\n<p>Unter den Voraussetzungen des geltenden Rechts haben Sie das Recht auf Auskunft, Berichtigung, L\u00f6schung und Einschr\u00e4nkung der Verarbeitung der Daten, ein Widerspruchsrecht gegen die Verarbeitung der Daten sowie das Recht auf Daten\u00fcbertragbarkeit.<\/p>\n<p>Zudem besteht die M\u00f6glichkeit, eine Beschwerde bei der \u00d6sterreichischen Datenschutzbeh\u00f6rde, E-Mail: dsb(at)dsb.gv.at, zu erheben.<\/p>\n<p><strong>Datenschutzrechtliche Verantwortung und Kontaktdaten<\/strong><\/p>\n<p>Datenschutzrechtlich verantwortlich im Sinne der Datenschutz-Grundverordnung der Europ\u00e4ischen Union, Verordnung (EU) Nummer 2016\/679 ist die Marktgemeinde Oggau am Neusiedler See, 7063 Oggau, Hauptstra\u00dfe 52; E-Mail: post(at)oggau-neusiedler-see.bgld.gv.at<\/p>\n<p><strong>Datenschutzbeauftragter<\/strong><\/p>\n<p>Land Burgenland \u2013 Amt der Burgenl\u00e4ndischen Landesregierung, Abteilung 2 \u2013 Landesplanung, Sicherheit, Gemeinden und Wirtschaft, 7000 Eisenstadt, Europaplatz 1; E-Mail: post.a2-DSBAGem(at)bgld.gv.at<\/p>\n<p>Datenschutzrechtlicher Verantwortlicher im Sinne der Datenschutz-Grundverordnung der Europ\u00e4ischen Union, Verordnung (EU) Nr. 2016\/679, ist:<\/p>\n<p>Land Burgenland \u2013 Amt der Burgenl\u00e4ndischen Landesregierung<br \/>\nAbteilung 2 \u2013 Landesplanung, Sicherheit, Gemeinden und Wirtschaft<br \/>\n7000 Eisenstadt<br \/>\nEuropaplatz 1<br \/>\nE-Mail: <a href=\"mailto:post.a2-DSBAGem@bgld.gv.at\">post.a2-DSBAGem@bgld.gv.at<\/a><\/p>\n<p><strong>Marktgemeinde Oggau am Neusiedler See<br \/>\n<\/strong>7063 Oggau am Neusiedler See, Hauptstra\u00dfe 52<br \/>\n<a href=\"mailto:post@oggau-neusiedler-see.bgld.gv.at\">post@oggau-neusiedler-see.bgld.gv.at<\/a><br \/>\nTel. <a href=\"tel:026857201\">02685 \/ 7201<\/a><\/p>\n<p><strong>Links<\/strong>:<\/p>\n<p>Datenschutzbeh\u00f6rde <a href=\"https:\/\/www.dsb.gv.at\/\">https:\/\/www.dsb.gv.at\/<\/a><\/p>\n<p>Datenschutz-Grundverordnung (DSGVO) <a href=\"https:\/\/www.dsb.gv.at\/recht-entscheidungen\/gesetze-in-oesterreich.html\">https:\/\/www.dsb.gv.at\/recht-entscheidungen\/gesetze-in-oesterreich.html<\/a>[\/vc_column_text][\/vc_column][\/vc_row]<\/p>\n","protected":false},"excerpt":{"rendered":"<p>[vc_row][vc_column][vc_column_text]Allgemeine Datenschutzmitteilung der Marktgemeinde Oggau am Neusiedler See Da uns die Sicherheit der Daten der B\u00fcrgerinnen und B\u00fcrger und unserer Kundinnen und Kunden sehr wichtig ist, m\u00f6chten wir Sie nachstehend \u00fcber die Verarbeitung Ihrer personenbezogenen Daten informieren. Alle Daten werden nur zu bestimmten rechtm\u00e4\u00dfigen Zwecken verarbeitet. Welche Daten werden auf welcher Grundlage und wie lange [&hellip;]<\/p>\n","protected":false},"author":2,"featured_media":410,"parent":0,"menu_order":0,"comment_status":"closed","ping_status":"open","template":"","meta":{"ocean_post_layout":"","ocean_both_sidebars_style":"","ocean_both_sidebars_content_width":0,"ocean_both_sidebars_sidebars_width":0,"ocean_sidebar":"0","ocean_second_sidebar":"0","ocean_disable_margins":"enable","ocean_add_body_class":"","ocean_shortcode_before_top_bar":"","ocean_shortcode_after_top_bar":"","ocean_shortcode_before_header":"","ocean_shortcode_after_header":"","ocean_has_shortcode":"","ocean_shortcode_after_title":"","ocean_shortcode_before_footer_widgets":"","ocean_shortcode_after_footer_widgets":"","ocean_shortcode_before_footer_bottom":"","ocean_shortcode_after_footer_bottom":"","ocean_display_top_bar":"default","ocean_display_header":"default","ocean_header_style":"","ocean_center_header_left_menu":"0","ocean_custom_header_template":"0","ocean_custom_logo":0,"ocean_custom_retina_logo":0,"ocean_custom_logo_max_width":0,"ocean_custom_logo_tablet_max_width":0,"ocean_custom_logo_mobile_max_width":0,"ocean_custom_logo_max_height":0,"ocean_custom_logo_tablet_max_height":0,"ocean_custom_logo_mobile_max_height":0,"ocean_header_custom_menu":"0","ocean_menu_typo_font_family":"0","ocean_menu_typo_font_subset":"","ocean_menu_typo_font_size":0,"ocean_menu_typo_font_size_tablet":0,"ocean_menu_typo_font_size_mobile":0,"ocean_menu_typo_font_size_unit":"px","ocean_menu_typo_font_weight":"","ocean_menu_typo_font_weight_tablet":"","ocean_menu_typo_font_weight_mobile":"","ocean_menu_typo_transform":"","ocean_menu_typo_transform_tablet":"","ocean_menu_typo_transform_mobile":"","ocean_menu_typo_line_height":0,"ocean_menu_typo_line_height_tablet":0,"ocean_menu_typo_line_height_mobile":0,"ocean_menu_typo_line_height_unit":"","ocean_menu_typo_spacing":0,"ocean_menu_typo_spacing_tablet":0,"ocean_menu_typo_spacing_mobile":0,"ocean_menu_typo_spacing_unit":"","ocean_menu_link_color":"","ocean_menu_link_color_hover":"","ocean_menu_link_color_active":"","ocean_menu_link_background":"","ocean_menu_link_hover_background":"","ocean_menu_link_active_background":"","ocean_menu_social_links_bg":"","ocean_menu_social_hover_links_bg":"","ocean_menu_social_links_color":"","ocean_menu_social_hover_links_color":"","ocean_disable_title":"default","ocean_disable_heading":"default","ocean_post_title":"","ocean_post_subheading":"","ocean_post_title_style":"","ocean_post_title_background_color":"","ocean_post_title_background":0,"ocean_post_title_bg_image_position":"","ocean_post_title_bg_image_attachment":"","ocean_post_title_bg_image_repeat":"","ocean_post_title_bg_image_size":"","ocean_post_title_height":0,"ocean_post_title_bg_overlay":0.5,"ocean_post_title_bg_overlay_color":"","ocean_disable_breadcrumbs":"default","ocean_breadcrumbs_color":"","ocean_breadcrumbs_separator_color":"","ocean_breadcrumbs_links_color":"","ocean_breadcrumbs_links_hover_color":"","ocean_display_footer_widgets":"default","ocean_display_footer_bottom":"default","ocean_custom_footer_template":"0","footnotes":"","_links_to":"","_links_to_target":""},"_links":{"self":[{"href":"https:\/\/www.oggau.at\/tourismus\/wp-json\/wp\/v2\/pages\/15"}],"collection":[{"href":"https:\/\/www.oggau.at\/tourismus\/wp-json\/wp\/v2\/pages"}],"about":[{"href":"https:\/\/www.oggau.at\/tourismus\/wp-json\/wp\/v2\/types\/page"}],"author":[{"embeddable":true,"href":"https:\/\/www.oggau.at\/tourismus\/wp-json\/wp\/v2\/users\/2"}],"replies":[{"embeddable":true,"href":"https:\/\/www.oggau.at\/tourismus\/wp-json\/wp\/v2\/comments?post=15"}],"version-history":[{"count":7,"href":"https:\/\/www.oggau.at\/tourismus\/wp-json\/wp\/v2\/pages\/15\/revisions"}],"predecessor-version":[{"id":431,"href":"https:\/\/www.oggau.at\/tourismus\/wp-json\/wp\/v2\/pages\/15\/revisions\/431"}],"wp:featuredmedia":[{"embeddable":true,"href":"https:\/\/www.oggau.at\/tourismus\/wp-json\/wp\/v2\/media\/410"}],"wp:attachment":[{"href":"https:\/\/www.oggau.at\/tourismus\/wp-json\/wp\/v2\/media?parent=15"}],"curies":[{"name":"wp","href":"https:\/\/api.w.org\/{rel}","templated":true}]}}