{"id":183,"date":"2021-10-28T15:25:33","date_gmt":"2021-10-28T13:25:33","guid":{"rendered":"https:\/\/oggau.insyde.at\/tourismus\/?page_id=183"},"modified":"2026-01-14T14:25:43","modified_gmt":"2026-01-14T13:25:43","slug":"kontakt","status":"publish","type":"page","link":"https:\/\/www.oggau.at\/tourismus\/kontakt\/","title":{"rendered":"Kontakt"},"content":{"rendered":"<p>[vc_row][vc_column][vc_column_text]<\/p>\n<h1>KONTAKT<\/h1>\n<p><img loading=\"lazy\" decoding=\"async\" class=\"alignnone size-medium wp-image-52\" src=\"https:\/\/oggau.at\/tourismus\/wp-content\/uploads\/sites\/2\/2021\/10\/Oggau_Tourismus-300x119.png\" alt=\"Tourismus Oggau Logo\" width=\"300\" height=\"119\" srcset=\"https:\/\/www.oggau.at\/tourismus\/wp-content\/uploads\/sites\/2\/2021\/10\/Oggau_Tourismus-300x119.png 300w, https:\/\/www.oggau.at\/tourismus\/wp-content\/uploads\/sites\/2\/2021\/10\/Oggau_Tourismus-1024x406.png 1024w, https:\/\/www.oggau.at\/tourismus\/wp-content\/uploads\/sites\/2\/2021\/10\/Oggau_Tourismus-768x305.png 768w, https:\/\/www.oggau.at\/tourismus\/wp-content\/uploads\/sites\/2\/2021\/10\/Oggau_Tourismus.png 1046w\" sizes=\"(max-width: 300px) 100vw, 300px\" \/><\/p>\n<p><strong>TOURISMUSB\u00dcRO DER MARKTGEMEINDE OGGAU AM NEUSIEDLER SEE<\/strong><br \/>\nHauptstra\u00dfe 52<br \/>\n7063 Oggau am Neusiedler See<br \/>\nBurgenland, \u00d6sterreich<\/p>\n<p>\u00d6ffnungszeiten:<br \/>\nMo-Do 7:30-12:00 und 13:00-16:00 Uhr<br \/>\nFr 7:30-13:00 Uhr<\/p>\n<p>Tel.: <a href=\"tel:004326857744\">02685\/7744 <\/a><\/p>\n<p>E-Mail: <a href=\"mailto:tourism@oggau.at\">tourism@oggau.at<\/a>[\/vc_column_text][vc_column_text]<\/p>\n<h1>ANREISE<\/h1>\n<p>[\/vc_column_text][vc_gmaps link=&#8220;#E-8_JTNDaWZyYW1lJTIwc3JjJTNEJTIyaHR0cHMlM0ElMkYlMkZ3d3cuZ29vZ2xlLmNvbSUyRm1hcHMlMkZlbWJlZCUzRnBiJTNEJTIxMW0xOCUyMTFtMTIlMjExbTMlMjExZDQ4NDIxMC41MTk2Njk4NTE1JTIxMmQxNi4zNDA1MTcyMDIwNjAwMDYlMjEzZDQ3Ljg5OTQxNzg2NjE5NjM2NiUyMTJtMyUyMTFmMCUyMTJmMCUyMTNmMCUyMTNtMiUyMTFpMTAyNCUyMTJpNzY4JTIxNGYxMy4xJTIxM20zJTIxMW0yJTIxMXMweDQ3NmM0NzUyMTIwMDk1ZDclMjUzQTB4ZDExYWUyZmJlYmQzMWRkMCUyMTJzNzA2MyUyNTIwT2dnYXUlMjUyMGFtJTI1MjBOZXVzaWVkbGVyJTI1MjBTZWUlMjE1ZTAlMjEzbTIlMjExc2RlJTIxMnNhdCUyMTR2MTYzNTQyNzUyMzU3OSUyMTVtMiUyMTFzZGUlMjEyc2F0JTIyJTIwd2lkdGglM0QlMjI2MDAlMjIlMjBoZWlnaHQlM0QlMjI0NTAlMjIlMjBzdHlsZSUzRCUyMmJvcmRlciUzQTAlM0IlMjIlMjBhbGxvd2Z1bGxzY3JlZW4lM0QlMjIlMjIlMjBsb2FkaW5nJTNEJTIybGF6eSUyMiUzRSUzQyUyRmlmcmFtZSUzRQ==&#8220;][\/vc_column][\/vc_row]<\/p>\n","protected":false},"excerpt":{"rendered":"<p>[vc_row][vc_column][vc_column_text] KONTAKT TOURISMUSB\u00dcRO DER MARKTGEMEINDE OGGAU AM NEUSIEDLER SEE Hauptstra\u00dfe 52 7063 Oggau am Neusiedler See Burgenland, \u00d6sterreich \u00d6ffnungszeiten: Mo-Do 7:30-12:00 und 13:00-16:00 Uhr Fr 7:30-13:00 Uhr Tel.: 02685\/7744 E-Mail: tourism@oggau.at[\/vc_column_text][vc_column_text] ANREISE [\/vc_column_text][vc_gmaps link=&#8220;#E-8_JTNDaWZyYW1lJTIwc3JjJTNEJTIyaHR0cHMlM0ElMkYlMkZ3d3cuZ29vZ2xlLmNvbSUyRm1hcHMlMkZlbWJlZCUzRnBiJTNEJTIxMW0xOCUyMTFtMTIlMjExbTMlMjExZDQ4NDIxMC41MTk2Njk4NTE1JTIxMmQxNi4zNDA1MTcyMDIwNjAwMDYlMjEzZDQ3Ljg5OTQxNzg2NjE5NjM2NiUyMTJtMyUyMTFmMCUyMTJmMCUyMTNmMCUyMTNtMiUyMTFpMTAyNCUyMTJpNzY4JTIxNGYxMy4xJTIxM20zJTIxMW0yJTIxMXMweDQ3NmM0NzUyMTIwMDk1ZDclMjUzQTB4ZDExYWUyZmJlYmQzMWRkMCUyMTJzNzA2MyUyNTIwT2dnYXUlMjUyMGFtJTI1MjBOZXVzaWVkbGVyJTI1MjBTZWUlMjE1ZTAlMjEzbTIlMjExc2RlJTIxMnNhdCUyMTR2MTYzNTQyNzUyMzU3OSUyMTVtMiUyMTFzZGUlMjEyc2F0JTIyJTIwd2lkdGglM0QlMjI2MDAlMjIlMjBoZWlnaHQlM0QlMjI0NTAlMjIlMjBzdHlsZSUzRCUyMmJvcmRlciUzQTAlM0IlMjIlMjBhbGxvd2Z1bGxzY3JlZW4lM0QlMjIlMjIlMjBsb2FkaW5nJTNEJTIybGF6eSUyMiUzRSUzQyUyRmlmcmFtZSUzRQ==&#8220;][\/vc_column][\/vc_row]<\/p>\n","protected":false},"author":1,"featured_media":384,"parent":0,"menu_order":0,"comment_status":"closed","ping_status":"closed","template":"","meta":{"ocean_post_layout":"","ocean_both_sidebars_style":"","ocean_both_sidebars_content_width":0,"ocean_both_sidebars_sidebars_width":0,"ocean_sidebar":"0","ocean_second_sidebar":"0","ocean_disable_margins":"enable","ocean_add_body_class":"","ocean_shortcode_before_top_bar":"","ocean_shortcode_after_top_bar":"","ocean_shortcode_before_header":"","ocean_shortcode_after_header":"","ocean_has_shortcode":"","ocean_shortcode_after_title":"","ocean_shortcode_before_footer_widgets":"","ocean_shortcode_after_footer_widgets":"","ocean_shortcode_before_footer_bottom":"","ocean_shortcode_after_footer_bottom":"","ocean_display_top_bar":"default","ocean_display_header":"default","ocean_header_style":"","ocean_center_header_left_menu":"0","ocean_custom_header_template":"0","ocean_custom_logo":0,"ocean_custom_retina_logo":0,"ocean_custom_logo_max_width":0,"ocean_custom_logo_tablet_max_width":0,"ocean_custom_logo_mobile_max_width":0,"ocean_custom_logo_max_height":0,"ocean_custom_logo_tablet_max_height":0,"ocean_custom_logo_mobile_max_height":0,"ocean_header_custom_menu":"0","ocean_menu_typo_font_family":"0","ocean_menu_typo_font_subset":"","ocean_menu_typo_font_size":0,"ocean_menu_typo_font_size_tablet":0,"ocean_menu_typo_font_size_mobile":0,"ocean_menu_typo_font_size_unit":"px","ocean_menu_typo_font_weight":"","ocean_menu_typo_font_weight_tablet":"","ocean_menu_typo_font_weight_mobile":"","ocean_menu_typo_transform":"","ocean_menu_typo_transform_tablet":"","ocean_menu_typo_transform_mobile":"","ocean_menu_typo_line_height":0,"ocean_menu_typo_line_height_tablet":0,"ocean_menu_typo_line_height_mobile":0,"ocean_menu_typo_line_height_unit":"","ocean_menu_typo_spacing":0,"ocean_menu_typo_spacing_tablet":0,"ocean_menu_typo_spacing_mobile":0,"ocean_menu_typo_spacing_unit":"","ocean_menu_link_color":"","ocean_menu_link_color_hover":"","ocean_menu_link_color_active":"","ocean_menu_link_background":"","ocean_menu_link_hover_background":"","ocean_menu_link_active_background":"","ocean_menu_social_links_bg":"","ocean_menu_social_hover_links_bg":"","ocean_menu_social_links_color":"","ocean_menu_social_hover_links_color":"","ocean_disable_title":"default","ocean_disable_heading":"default","ocean_post_title":"","ocean_post_subheading":"","ocean_post_title_style":"","ocean_post_title_background_color":"","ocean_post_title_background":0,"ocean_post_title_bg_image_position":"","ocean_post_title_bg_image_attachment":"","ocean_post_title_bg_image_repeat":"","ocean_post_title_bg_image_size":"","ocean_post_title_height":0,"ocean_post_title_bg_overlay":0.5,"ocean_post_title_bg_overlay_color":"","ocean_disable_breadcrumbs":"default","ocean_breadcrumbs_color":"","ocean_breadcrumbs_separator_color":"","ocean_breadcrumbs_links_color":"","ocean_breadcrumbs_links_hover_color":"","ocean_display_footer_widgets":"default","ocean_display_footer_bottom":"default","ocean_custom_footer_template":"0","footnotes":"","_links_to":"","_links_to_target":""},"_links":{"self":[{"href":"https:\/\/www.oggau.at\/tourismus\/wp-json\/wp\/v2\/pages\/183"}],"collection":[{"href":"https:\/\/www.oggau.at\/tourismus\/wp-json\/wp\/v2\/pages"}],"about":[{"href":"https:\/\/www.oggau.at\/tourismus\/wp-json\/wp\/v2\/types\/page"}],"author":[{"embeddable":true,"href":"https:\/\/www.oggau.at\/tourismus\/wp-json\/wp\/v2\/users\/1"}],"replies":[{"embeddable":true,"href":"https:\/\/www.oggau.at\/tourismus\/wp-json\/wp\/v2\/comments?post=183"}],"version-history":[{"count":5,"href":"https:\/\/www.oggau.at\/tourismus\/wp-json\/wp\/v2\/pages\/183\/revisions"}],"predecessor-version":[{"id":552,"href":"https:\/\/www.oggau.at\/tourismus\/wp-json\/wp\/v2\/pages\/183\/revisions\/552"}],"wp:featuredmedia":[{"embeddable":true,"href":"https:\/\/www.oggau.at\/tourismus\/wp-json\/wp\/v2\/media\/384"}],"wp:attachment":[{"href":"https:\/\/www.oggau.at\/tourismus\/wp-json\/wp\/v2\/media?parent=183"}],"curies":[{"name":"wp","href":"https:\/\/api.w.org\/{rel}","templated":true}]}}