{"id":375,"date":"2021-11-29T15:34:09","date_gmt":"2021-11-29T14:34:09","guid":{"rendered":"https:\/\/oggau.insyde.at\/tourismus\/?page_id=375"},"modified":"2021-12-20T10:15:16","modified_gmt":"2021-12-20T09:15:16","slug":"camping-bootshafen-detail","status":"publish","type":"page","link":"https:\/\/www.oggau.at\/tourismus\/camping-bootshafen\/camping-bootshafen-detail\/","title":{"rendered":"Camping &#038; Bootshafen"},"content":{"rendered":"<p>[vc_row el_id=&#8220;camping&#8220;][vc_column][vc_single_image image=&#8220;123&#8243; img_size=&#8220;full&#8220; el_class=&#8220;imgdesktop&#8220;][vc_single_image image=&#8220;225&#8243; img_size=&#8220;full&#8220; el_class=&#8220;imgmobile&#8220;][vc_column_text]<\/p>\n<h1>CAMPING<\/h1>\n<p>Weniger als 1,5 km von der Ortsmitte Oggaus entfernt, liegt, unmittelbar neben dem Freibad, der gepflegte und idyllische Campingplatz.<\/p>\n<p>Die Saison beginnt am 1. April und endet am 31. Oktober. Das sieben Hektar gro\u00dfe Areal bietet Platz f\u00fcr 155 Campingstellpl\u00e4tze und 370 Mobilheimpl\u00e4tze.<br \/>\nDie ebenen, begr\u00fcnten, gut 80m\u00b2 gro\u00dfen \u2013 dank des Baumbestandes teilweise schattigen \u2013 Stellpl\u00e4tze sind voneinander durch Hecken getrennt und verf\u00fcgen \u00fcber Strom- und Wasseranschluss. Zudem bietet der Platz ein modernes Sanit\u00e4rgeb\u00e4ude, Wireless Internet, einen gro\u00dfen Spielplatz, ein eigenes Restaurant und einen SB-Shop. Hunde sind am Platz erlaubt, jedoch ordnungsgem\u00e4\u00df an der Leine zu f\u00fchren.<\/p>\n<p>Der Campinglatz ist privat gef\u00fchrt und mehrfach vom \u00d6AMTC ausgezeichnet sowie mit der goldenen Servicekrone von EBC. Reisegruppen sind jederzeit herzlichst willkommen. In den Sommermonaten Juli und August ist es ratsam zu reservieren. Die Mobilheimpl\u00e4tze sind mit Kanalisations-, sowie Strom- und Wasseranschluss ausgestattet.<br \/>\nAusk\u00fcnfte \u00fcber Mobilheimpl\u00e4tze oder Campingurlaubspl\u00e4tze erhalten Sie bei:<\/p>\n<p>Camping und Hafen Betriebsges.m.b.H.<br \/>\n7063 Oggau<\/p>\n<p>Tel.: <a href=\"tel:004326857271\">02685\/7271<\/a><br \/>\nFax: 02685\/7271-4<br \/>\nBootshafen: <a href=\"tel:00436645631111\">0664\/5631111<\/a><br \/>\n<a href=\"http:\/\/www.campingoggau.at\" target=\"_blank\" rel=\"noopener\">www.campingoggau.at<\/a>[\/vc_column_text][vc_column_text]<\/p>\n<p style=\"text-align: right;\"><a href=\"https:\/\/oggau.at\/tourismus\/camping-bootshafen\/\">zur \u00dcbersicht <img loading=\"lazy\" decoding=\"async\" class=\"wp-image-85\" src=\"https:\/\/oggau.at\/gemeinde\/wp-content\/uploads\/sites\/3\/2021\/10\/up.png\" alt=\"zur \u00dcbersicht\" width=\"30\" height=\"30\" \/><\/a><\/p>\n<p>[\/vc_column_text][\/vc_column][\/vc_row][vc_row el_id=&#8220;bootshafen&#8220;][vc_column][vc_single_image image=&#8220;124&#8243; img_size=&#8220;full&#8220; el_class=&#8220;imgdesktop&#8220;][vc_single_image image=&#8220;226&#8243; img_size=&#8220;full&#8220; el_class=&#8220;imgmobile&#8220;][vc_column_text]<\/p>\n<h1>BOOTSHAFEN<\/h1>\n<p>Ein Ausflug zum Neusiedler See durch den Schilfkanal wird zu einem unvergesslichen Naturerlebnis.<\/p>\n<p>F\u00fcr mitgebrachte Boote, die \u00fcber die Slip- bzw. Krananlage zu Wasser gebracht werden, stehen G\u00e4stestege (bei Bedarf auch mit Stromanschluss) zur Verf\u00fcgung.<br \/>\nErkunden Sie den vielseitigen Schilfg\u00fcrtel und den Seebereich. Lautlos durchs Wasser gleitend, sp\u00fcrt man den Puls der Natur hautnah, w\u00e4hrend unz\u00e4hlige V\u00f6gel sowie diverse Amphibien f\u00fcr ein unverwechselbares Konzert im sch\u00fctzenden Dickicht des Schilfs sorgen.<br \/>\nDrau\u00dfen am See lassen sich herrliche Sonnenauf- und -unterg\u00e4nge erleben, wie man sie sonst vielleicht nur in fernen S\u00fcdseedestinationen geboten bekommt.<br \/>\n[\/vc_column_text][vc_column_text]<\/p>\n<p style=\"text-align: right;\"><a href=\"https:\/\/oggau.at\/tourismus\/camping-bootshafen\/\">zur \u00dcbersicht <img loading=\"lazy\" decoding=\"async\" class=\"wp-image-85\" src=\"https:\/\/oggau.at\/gemeinde\/wp-content\/uploads\/sites\/3\/2021\/10\/up.png\" alt=\"zur \u00dcbersicht\" width=\"30\" height=\"30\" \/><\/a><\/p>\n<p>[\/vc_column_text][\/vc_column][\/vc_row]<\/p>\n","protected":false},"excerpt":{"rendered":"<p>[vc_row el_id=&#8220;camping&#8220;][vc_column][vc_single_image image=&#8220;123&#8243; img_size=&#8220;full&#8220; el_class=&#8220;imgdesktop&#8220;][vc_single_image image=&#8220;225&#8243; img_size=&#8220;full&#8220; el_class=&#8220;imgmobile&#8220;][vc_column_text] CAMPING Weniger als 1,5 km von der Ortsmitte Oggaus entfernt, liegt, unmittelbar neben dem Freibad, der gepflegte und idyllische Campingplatz. Die Saison beginnt am 1. April und endet am 31. Oktober. Das sieben Hektar gro\u00dfe Areal bietet Platz f\u00fcr 155 Campingstellpl\u00e4tze und 370 Mobilheimpl\u00e4tze. Die ebenen, begr\u00fcnten, [&hellip;]<\/p>\n","protected":false},"author":1,"featured_media":174,"parent":120,"menu_order":0,"comment_status":"closed","ping_status":"closed","template":"","meta":{"ocean_post_layout":"","ocean_both_sidebars_style":"","ocean_both_sidebars_content_width":0,"ocean_both_sidebars_sidebars_width":0,"ocean_sidebar":"0","ocean_second_sidebar":"0","ocean_disable_margins":"enable","ocean_add_body_class":"","ocean_shortcode_before_top_bar":"","ocean_shortcode_after_top_bar":"","ocean_shortcode_before_header":"","ocean_shortcode_after_header":"","ocean_has_shortcode":"","ocean_shortcode_after_title":"","ocean_shortcode_before_footer_widgets":"","ocean_shortcode_after_footer_widgets":"","ocean_shortcode_before_footer_bottom":"","ocean_shortcode_after_footer_bottom":"","ocean_display_top_bar":"default","ocean_display_header":"default","ocean_header_style":"","ocean_center_header_left_menu":"0","ocean_custom_header_template":"0","ocean_custom_logo":0,"ocean_custom_retina_logo":0,"ocean_custom_logo_max_width":0,"ocean_custom_logo_tablet_max_width":0,"ocean_custom_logo_mobile_max_width":0,"ocean_custom_logo_max_height":0,"ocean_custom_logo_tablet_max_height":0,"ocean_custom_logo_mobile_max_height":0,"ocean_header_custom_menu":"0","ocean_menu_typo_font_family":"0","ocean_menu_typo_font_subset":"","ocean_menu_typo_font_size":0,"ocean_menu_typo_font_size_tablet":0,"ocean_menu_typo_font_size_mobile":0,"ocean_menu_typo_font_size_unit":"px","ocean_menu_typo_font_weight":"","ocean_menu_typo_font_weight_tablet":"","ocean_menu_typo_font_weight_mobile":"","ocean_menu_typo_transform":"","ocean_menu_typo_transform_tablet":"","ocean_menu_typo_transform_mobile":"","ocean_menu_typo_line_height":0,"ocean_menu_typo_line_height_tablet":0,"ocean_menu_typo_line_height_mobile":0,"ocean_menu_typo_line_height_unit":"","ocean_menu_typo_spacing":0,"ocean_menu_typo_spacing_tablet":0,"ocean_menu_typo_spacing_mobile":0,"ocean_menu_typo_spacing_unit":"","ocean_menu_link_color":"","ocean_menu_link_color_hover":"","ocean_menu_link_color_active":"","ocean_menu_link_background":"","ocean_menu_link_hover_background":"","ocean_menu_link_active_background":"","ocean_menu_social_links_bg":"","ocean_menu_social_hover_links_bg":"","ocean_menu_social_links_color":"","ocean_menu_social_hover_links_color":"","ocean_disable_title":"default","ocean_disable_heading":"default","ocean_post_title":"","ocean_post_subheading":"","ocean_post_title_style":"","ocean_post_title_background_color":"","ocean_post_title_background":0,"ocean_post_title_bg_image_position":"","ocean_post_title_bg_image_attachment":"","ocean_post_title_bg_image_repeat":"","ocean_post_title_bg_image_size":"","ocean_post_title_height":0,"ocean_post_title_bg_overlay":0.5,"ocean_post_title_bg_overlay_color":"","ocean_disable_breadcrumbs":"default","ocean_breadcrumbs_color":"","ocean_breadcrumbs_separator_color":"","ocean_breadcrumbs_links_color":"","ocean_breadcrumbs_links_hover_color":"","ocean_display_footer_widgets":"default","ocean_display_footer_bottom":"default","ocean_custom_footer_template":"0","footnotes":"","_links_to":"","_links_to_target":""},"_links":{"self":[{"href":"https:\/\/www.oggau.at\/tourismus\/wp-json\/wp\/v2\/pages\/375"}],"collection":[{"href":"https:\/\/www.oggau.at\/tourismus\/wp-json\/wp\/v2\/pages"}],"about":[{"href":"https:\/\/www.oggau.at\/tourismus\/wp-json\/wp\/v2\/types\/page"}],"author":[{"embeddable":true,"href":"https:\/\/www.oggau.at\/tourismus\/wp-json\/wp\/v2\/users\/1"}],"replies":[{"embeddable":true,"href":"https:\/\/www.oggau.at\/tourismus\/wp-json\/wp\/v2\/comments?post=375"}],"version-history":[{"count":3,"href":"https:\/\/www.oggau.at\/tourismus\/wp-json\/wp\/v2\/pages\/375\/revisions"}],"predecessor-version":[{"id":437,"href":"https:\/\/www.oggau.at\/tourismus\/wp-json\/wp\/v2\/pages\/375\/revisions\/437"}],"up":[{"embeddable":true,"href":"https:\/\/www.oggau.at\/tourismus\/wp-json\/wp\/v2\/pages\/120"}],"wp:featuredmedia":[{"embeddable":true,"href":"https:\/\/www.oggau.at\/tourismus\/wp-json\/wp\/v2\/media\/174"}],"wp:attachment":[{"href":"https:\/\/www.oggau.at\/tourismus\/wp-json\/wp\/v2\/media?parent=375"}],"curies":[{"name":"wp","href":"https:\/\/api.w.org\/{rel}","templated":true}]}}