{"id":7,"date":"2021-10-11T15:45:45","date_gmt":"2021-10-11T13:45:45","guid":{"rendered":"https:\/\/oggau.insyde.at\/tourismus\/?page_id=7"},"modified":"2025-05-05T09:48:28","modified_gmt":"2025-05-05T07:48:28","slug":"tourismus-oggau","status":"publish","type":"page","link":"https:\/\/www.oggau.at\/tourismus\/","title":{"rendered":"Tourismus Oggau"},"content":{"rendered":"<p>[vc_row][vc_column][vc_column_text]<\/p>\n<h1>HERZLICH<br \/>\nWILLKOMMEN<\/h1>\n<p>Lassen Sie sich von der burgenl\u00e4ndischen Landschaft verzaubern, genie\u00dfen Sie die Urlaubsvorfreude und lassen Sie sich von uns bei Ihrem n\u00e4chsten Besuch in unserem wundersch\u00f6nen Oggau am Neusiedler See verw\u00f6hnen.[\/vc_column_text][\/vc_column][\/vc_row][vc_row][vc_column width=&#8220;1\/3&#8243;][vc_single_image image=&#8220;478&#8243; img_size=&#8220;full&#8220; css=&#8220;.vc_custom_1652691431546{margin-bottom: 0px !important;}&#8220;][vc_column_text]<\/p>\n<h2>NATUR &amp; KULTUR<\/h2>\n<p><strong>RADERLEBNIS AM NEUSIEDLER SEE<br \/>\n<\/strong><a href=\"https:\/\/www.oggau.at\/tourismus\/freizeit\/freizeit-detail\/#radfahren\">Oggau liegt am Radweg Neusiedler See (B10) dieser z\u00e4hlt zu den sch\u00f6nsten Radstrecken \u00d6sterreichs.&gt;<\/a>[\/vc_column_text][\/vc_column][vc_column width=&#8220;1\/3&#8243;][vc_single_image image=&#8220;447&#8243; img_size=&#8220;full&#8220; css=&#8220;.vc_custom_1641218783492{margin-bottom: 0px !important;}&#8220;][vc_column_text]<\/p>\n<h2>WEIN AUS OGGAU<\/h2>\n<p><a href=\"https:\/\/www.oggau.at\/tourismus\/wein\/\">Oggau ist ein bekannter Weinort. Wegen seiner idealen Lage am Ufer des Neusiedler Sees und den Ausl\u00e4ufern des H\u00fcgellandes ist hier ein vielf\u00e4ltiger Rebsorten Anbau m\u00f6glich.<span class=\"blue\"> &gt;<\/span><\/a>[\/vc_column_text][\/vc_column][vc_column width=&#8220;1\/3&#8243;][vc_single_image image=&#8220;366&#8243; img_size=&#8220;full&#8220; css=&#8220;.vc_custom_1638187170787{margin-bottom: 0px !important;}&#8220;][vc_column_text]<\/p>\n<h2>SUCHEN &amp; BUCHEN<\/h2>\n<p><strong>LUST AUF URLAUB?<br \/>\n<\/strong><a href=\"https:\/\/oggau.at\/tourismus\/suchen-buchen\/#\/unterkuenfte\">Steigern Sie die Vorfreude auf den Sommer und reservieren Sie Ihr Zimmer schon jetzt!<span class=\"blue\"> &gt;<\/span><\/a>[\/vc_column_text][\/vc_column][\/vc_row][vc_row][vc_column][vc_raw_html]JTNDaWZyYW1lJTIwd2lkdGglM0QlMjIxOTIwJTIyJTIwaGVpZ2h0JTNEJTIyOTM3JTIyJTIwc3JjJTNEJTIyaHR0cHMlM0ElMkYlMkZ3d3cueW91dHViZS5jb20lMkZlbWJlZCUyRkhMXzFMb09Mb3FFJTIyJTIwdGl0bGUlM0QlMjJZb3VUdWJlJTIwdmlkZW8lMjBwbGF5ZXIlMjIlMjBmcmFtZWJvcmRlciUzRCUyMjAlMjIlMjBhbGxvdyUzRCUyMmFjY2VsZXJvbWV0ZXIlM0IlMjBhdXRvcGxheSUzQiUyMGNsaXBib2FyZC13cml0ZSUzQiUyMGVuY3J5cHRlZC1tZWRpYSUzQiUyMGd5cm9zY29wZSUzQiUyMHBpY3R1cmUtaW4tcGljdHVyZSUyMiUyMGFsbG93ZnVsbHNjcmVlbiUzRSUzQyUyRmlmcmFtZSUzRQ==[\/vc_raw_html][\/vc_column][\/vc_row][vc_row][vc_column][vc_empty_space height=&#8220;25px&#8220;][vc_column_text]<\/p>\n<h1>BESUCHEN SIE OGGAU UND ENTDECKEN SIE DAS BESONDERE<\/h1>\n<p>Die Sch\u00e4tze der Natur in einer vom pannonischen Klima verw\u00f6hnten, harmonisch-h\u00fcgeligen Landschaft entdecken.<\/p>\n<p>Flora und Fauna pr\u00e4sentieren sich Ihnen mit einer \u00dcppigkeit und Vielfalt, die ihresgleichen sucht. Wer einen der Oggau umgebenden H\u00fcgel \u201eerklimmt\u201c, wird mit atemberaubend sch\u00f6nen Ausblicken belohnt. Es \u00f6ffnet sich ein Panorama, das nachhaltig beeindruckt. Um all das erforschen zu k\u00f6nnen, wurde ein Netz an Wander-, Rad- und Walkingwegen angelegt, das sich gr\u00f6\u00dfter Beliebtheit erfreut. Die idyllische Weinlaubenkuppel l\u00e4dt als Highlight zur Rast ein.[\/vc_column_text][\/vc_column][\/vc_row][vc_row][vc_column][vc_column_text]\n<div id=\"sb_instagram\"  class=\"sbi sbi_mob_col_1 sbi_tab_col_2 sbi_col_3 sbi_width_resp\" style=\"padding-bottom: 50px;width: 100%;\" data-feedid=\"*1\"  data-res=\"auto\" data-cols=\"3\" data-colsmobile=\"1\" data-colstablet=\"2\" data-num=\"3\" data-nummobile=\"\" data-item-padding=\"25\" data-shortcode-atts=\"{&quot;feed&quot;:&quot;1&quot;}\"  data-postid=\"7\" data-locatornonce=\"5a1f20ef9d\" data-sbi-flags=\"favorLocal,gdpr\">\n\t<div class=\"sb_instagram_header \"   >\n\t<a class=\"sbi_header_link\" target=\"_blank\" rel=\"nofollow noopener\" href=\"https:\/\/www.instagram.com\/oggau_neusiedler_see\/\" title=\"@oggau_neusiedler_see\">\n\t\t<div class=\"sbi_header_text sbi_no_bio\">\n\t\t\t<div class=\"sbi_header_img\"  data-avatar-url=\"https:\/\/scontent-fra3-2.cdninstagram.com\/v\/t51.2885-19\/43180292_2162321297339791_7110859000421285888_n.jpg?stp=dst-jpg_s206x206_tt6&amp;_nc_cat=104&amp;ccb=7-5&amp;_nc_sid=bf7eb4&amp;efg=eyJ2ZW5jb2RlX3RhZyI6InByb2ZpbGVfcGljLnd3dy4zMjAuQzMifQ%3D%3D&amp;_nc_ohc=M-EFrXPO35UQ7kNvwEDrk-2&amp;_nc_oc=AdrSRkzFAb1JIzDBl7UN6ysETTrDJXdfOG8fZfylvCFUAxYncXi6u5OzSTkP-EjWBNI&amp;_nc_zt=24&amp;_nc_ht=scontent-fra3-2.cdninstagram.com&amp;edm=AP4hL3IEAAAA&amp;_nc_tpa=Q5bMBQEOvDicmaoTAo-gEf7pXAR2-gdi1tSIzJ6Ij-mcvn_Khvkgcp8T65eORnUVnzJu8Y0r2ahZ1j6N_w&amp;oh=00_Af1i5Gsc89KOfZbSx61D2pzqddiK9Pgxq1I4q5niXI_S5w&amp;oe=69E89B18\">\n\t\t\t\t\t\t\t\t\t<div class=\"sbi_header_img_hover\"  ><svg class=\"sbi_new_logo fa-instagram fa-w-14\" aria-hidden=\"true\" data-fa-processed=\"\" aria-label=\"Instagram\" data-prefix=\"fab\" data-icon=\"instagram\" role=\"img\" viewBox=\"0 0 448 512\">\n\t                <path fill=\"currentColor\" d=\"M224.1 141c-63.6 0-114.9 51.3-114.9 114.9s51.3 114.9 114.9 114.9S339 319.5 339 255.9 287.7 141 224.1 141zm0 189.6c-41.1 0-74.7-33.5-74.7-74.7s33.5-74.7 74.7-74.7 74.7 33.5 74.7 74.7-33.6 74.7-74.7 74.7zm146.4-194.3c0 14.9-12 26.8-26.8 26.8-14.9 0-26.8-12-26.8-26.8s12-26.8 26.8-26.8 26.8 12 26.8 26.8zm76.1 27.2c-1.7-35.9-9.9-67.7-36.2-93.9-26.2-26.2-58-34.4-93.9-36.2-37-2.1-147.9-2.1-184.9 0-35.8 1.7-67.6 9.9-93.9 36.1s-34.4 58-36.2 93.9c-2.1 37-2.1 147.9 0 184.9 1.7 35.9 9.9 67.7 36.2 93.9s58 34.4 93.9 36.2c37 2.1 147.9 2.1 184.9 0 35.9-1.7 67.7-9.9 93.9-36.2 26.2-26.2 34.4-58 36.2-93.9 2.1-37 2.1-147.8 0-184.8zM398.8 388c-7.8 19.6-22.9 34.7-42.6 42.6-29.5 11.7-99.5 9-132.1 9s-102.7 2.6-132.1-9c-19.6-7.8-34.7-22.9-42.6-42.6-11.7-29.5-9-99.5-9-132.1s-2.6-102.7 9-132.1c7.8-19.6 22.9-34.7 42.6-42.6 29.5-11.7 99.5-9 132.1-9s102.7-2.6 132.1 9c19.6 7.8 34.7 22.9 42.6 42.6 11.7 29.5 9 99.5 9 132.1s2.7 102.7-9 132.1z\"><\/path>\n\t            <\/svg><\/div>\n\t\t\t\t\t<img loading=\"lazy\" decoding=\"async\"  src=\"https:\/\/oggau.at\/tourismus\/wp-content\/uploads\/sites\/2\/2021\/11\/instagramlogo.jpg\" alt=\"Oggau am Neusiedler See\" width=\"50\" height=\"50\">\n\t\t\t\t\t\t\t\t\t\t\t<\/div>\n\n\t\t\t<div class=\"sbi_feedtheme_header_text\">\n\t\t\t\t<h3>oggau_neusiedler_see<\/h3>\n\t\t\t\t\t\t\t<\/div>\n\t\t<\/div>\n\t<\/a>\n<\/div>\n\n    <div id=\"sbi_images\"  style=\"gap: 50px;\">\n\t\t<div class=\"sbi_item sbi_type_image sbi_new sbi_transition\" id=\"sbi_18003882275873323\" data-date=\"1776356586\">\n    <div class=\"sbi_photo_wrap\">\n        <a class=\"sbi_photo\" href=\"https:\/\/www.instagram.com\/p\/DXMviYRiLWS\/\" target=\"_blank\" rel=\"noopener nofollow\" data-full-res=\"https:\/\/scontent-fra3-1.cdninstagram.com\/v\/t51.82787-15\/671174040_18264169798295797_3130801963355808117_n.webp?stp=dst-jpg_e35_tt6&#038;_nc_cat=108&#038;ccb=7-5&#038;_nc_sid=18de74&#038;efg=eyJlZmdfdGFnIjoiRkVFRC5iZXN0X2ltYWdlX3VybGdlbi5DMyJ9&#038;_nc_ohc=jTaji8eswLsQ7kNvwFCZBn9&#038;_nc_oc=AdqZyUr6Lyp8hjrB-lvhVMtmU8HXen10q0crwWpN4xePipRyWVUkhHSPOjY8FTK_aAc&#038;_nc_zt=23&#038;_nc_ht=scontent-fra3-1.cdninstagram.com&#038;edm=ANo9K5cEAAAA&#038;_nc_gid=NyE5INrE2FzNfUIzSHwBwg&#038;_nc_tpa=Q5bMBQEGISWYIOrN9zbWUHA2VJma5ADz2dINe5v7ylNfKET2EcKKgP5K3jnRGj1zyhN5TLI88JXN8VlKpA&#038;oh=00_Af3SSep78vnDppHCzVsqTo9vg5YF4nYUz6xmLb2fOXy16w&#038;oe=69E8A9D4\" data-img-src-set=\"{&quot;d&quot;:&quot;https:\\\/\\\/scontent-fra3-1.cdninstagram.com\\\/v\\\/t51.82787-15\\\/671174040_18264169798295797_3130801963355808117_n.webp?stp=dst-jpg_e35_tt6&amp;_nc_cat=108&amp;ccb=7-5&amp;_nc_sid=18de74&amp;efg=eyJlZmdfdGFnIjoiRkVFRC5iZXN0X2ltYWdlX3VybGdlbi5DMyJ9&amp;_nc_ohc=jTaji8eswLsQ7kNvwFCZBn9&amp;_nc_oc=AdqZyUr6Lyp8hjrB-lvhVMtmU8HXen10q0crwWpN4xePipRyWVUkhHSPOjY8FTK_aAc&amp;_nc_zt=23&amp;_nc_ht=scontent-fra3-1.cdninstagram.com&amp;edm=ANo9K5cEAAAA&amp;_nc_gid=NyE5INrE2FzNfUIzSHwBwg&amp;_nc_tpa=Q5bMBQEGISWYIOrN9zbWUHA2VJma5ADz2dINe5v7ylNfKET2EcKKgP5K3jnRGj1zyhN5TLI88JXN8VlKpA&amp;oh=00_Af3SSep78vnDppHCzVsqTo9vg5YF4nYUz6xmLb2fOXy16w&amp;oe=69E8A9D4&quot;,&quot;150&quot;:&quot;https:\\\/\\\/scontent-fra3-1.cdninstagram.com\\\/v\\\/t51.82787-15\\\/671174040_18264169798295797_3130801963355808117_n.webp?stp=dst-jpg_e35_tt6&amp;_nc_cat=108&amp;ccb=7-5&amp;_nc_sid=18de74&amp;efg=eyJlZmdfdGFnIjoiRkVFRC5iZXN0X2ltYWdlX3VybGdlbi5DMyJ9&amp;_nc_ohc=jTaji8eswLsQ7kNvwFCZBn9&amp;_nc_oc=AdqZyUr6Lyp8hjrB-lvhVMtmU8HXen10q0crwWpN4xePipRyWVUkhHSPOjY8FTK_aAc&amp;_nc_zt=23&amp;_nc_ht=scontent-fra3-1.cdninstagram.com&amp;edm=ANo9K5cEAAAA&amp;_nc_gid=NyE5INrE2FzNfUIzSHwBwg&amp;_nc_tpa=Q5bMBQEGISWYIOrN9zbWUHA2VJma5ADz2dINe5v7ylNfKET2EcKKgP5K3jnRGj1zyhN5TLI88JXN8VlKpA&amp;oh=00_Af3SSep78vnDppHCzVsqTo9vg5YF4nYUz6xmLb2fOXy16w&amp;oe=69E8A9D4&quot;,&quot;320&quot;:&quot;https:\\\/\\\/scontent-fra3-1.cdninstagram.com\\\/v\\\/t51.82787-15\\\/671174040_18264169798295797_3130801963355808117_n.webp?stp=dst-jpg_e35_tt6&amp;_nc_cat=108&amp;ccb=7-5&amp;_nc_sid=18de74&amp;efg=eyJlZmdfdGFnIjoiRkVFRC5iZXN0X2ltYWdlX3VybGdlbi5DMyJ9&amp;_nc_ohc=jTaji8eswLsQ7kNvwFCZBn9&amp;_nc_oc=AdqZyUr6Lyp8hjrB-lvhVMtmU8HXen10q0crwWpN4xePipRyWVUkhHSPOjY8FTK_aAc&amp;_nc_zt=23&amp;_nc_ht=scontent-fra3-1.cdninstagram.com&amp;edm=ANo9K5cEAAAA&amp;_nc_gid=NyE5INrE2FzNfUIzSHwBwg&amp;_nc_tpa=Q5bMBQEGISWYIOrN9zbWUHA2VJma5ADz2dINe5v7ylNfKET2EcKKgP5K3jnRGj1zyhN5TLI88JXN8VlKpA&amp;oh=00_Af3SSep78vnDppHCzVsqTo9vg5YF4nYUz6xmLb2fOXy16w&amp;oe=69E8A9D4&quot;,&quot;640&quot;:&quot;https:\\\/\\\/scontent-fra3-1.cdninstagram.com\\\/v\\\/t51.82787-15\\\/671174040_18264169798295797_3130801963355808117_n.webp?stp=dst-jpg_e35_tt6&amp;_nc_cat=108&amp;ccb=7-5&amp;_nc_sid=18de74&amp;efg=eyJlZmdfdGFnIjoiRkVFRC5iZXN0X2ltYWdlX3VybGdlbi5DMyJ9&amp;_nc_ohc=jTaji8eswLsQ7kNvwFCZBn9&amp;_nc_oc=AdqZyUr6Lyp8hjrB-lvhVMtmU8HXen10q0crwWpN4xePipRyWVUkhHSPOjY8FTK_aAc&amp;_nc_zt=23&amp;_nc_ht=scontent-fra3-1.cdninstagram.com&amp;edm=ANo9K5cEAAAA&amp;_nc_gid=NyE5INrE2FzNfUIzSHwBwg&amp;_nc_tpa=Q5bMBQEGISWYIOrN9zbWUHA2VJma5ADz2dINe5v7ylNfKET2EcKKgP5K3jnRGj1zyhN5TLI88JXN8VlKpA&amp;oh=00_Af3SSep78vnDppHCzVsqTo9vg5YF4nYUz6xmLb2fOXy16w&amp;oe=69E8A9D4&quot;}\">\n            <span class=\"sbi-screenreader\">Hafen Oggau am Neusiedler See \u2013 Sanft schaukelnd<\/span>\n            \t                    <img decoding=\"async\" src=\"https:\/\/www.oggau.at\/tourismus\/wp-content\/plugins\/instagram-feed\/img\/placeholder.png\" alt=\"Hafen Oggau am Neusiedler See \u2013 Sanft schaukelnde Boote, weite Horizonte und beeindruckende Wolkenformationen schaffen eine einzigartige Atmosph\u00e4re f\u00fcr Erholung und Genuss. \ud83c\udf05\ud83c\udf0a\n\n#NeusiedlerSee #hafenoggau #UrlaubIn\u00d6sterreich #Naturgenuss\">\n        <\/a>\n    <\/div>\n<\/div><div class=\"sbi_item sbi_type_image sbi_new sbi_transition\" id=\"sbi_18087543548604809\" data-date=\"1776053115\">\n    <div class=\"sbi_photo_wrap\">\n        <a class=\"sbi_photo\" href=\"https:\/\/www.instagram.com\/p\/DXDstixiI7G\/\" target=\"_blank\" rel=\"noopener nofollow\" data-full-res=\"https:\/\/scontent-fra5-2.cdninstagram.com\/v\/t51.82787-15\/670073273_18263796457295797_5999761336342653368_n.webp?stp=dst-jpg_e35_tt6&#038;_nc_cat=109&#038;ccb=7-5&#038;_nc_sid=18de74&#038;efg=eyJlZmdfdGFnIjoiRkVFRC5iZXN0X2ltYWdlX3VybGdlbi5DMyJ9&#038;_nc_ohc=UrXREFYbzzYQ7kNvwE9nKYe&#038;_nc_oc=Adr2Fqbi-WMPHtjSSn1VZkoUxq_xnIBBKRMTLwOIE9dEDlpPw5hdxCfBUuR_Io56tuo&#038;_nc_zt=23&#038;_nc_ht=scontent-fra5-2.cdninstagram.com&#038;edm=ANo9K5cEAAAA&#038;_nc_gid=NyE5INrE2FzNfUIzSHwBwg&#038;_nc_tpa=Q5bMBQFyKQrO98ICPOzYlRz5dcuzB9LFe4hei42mGmo6VRKSg-GaQX98Y4whxdASClNbUvDTs0kUBNEZfw&#038;oh=00_Af1SSGKKlu3jpe3jNQLeRPbpKwMHBOGItrejZ4y4IPgPHg&#038;oe=69E8B30E\" data-img-src-set=\"{&quot;d&quot;:&quot;https:\\\/\\\/scontent-fra5-2.cdninstagram.com\\\/v\\\/t51.82787-15\\\/670073273_18263796457295797_5999761336342653368_n.webp?stp=dst-jpg_e35_tt6&amp;_nc_cat=109&amp;ccb=7-5&amp;_nc_sid=18de74&amp;efg=eyJlZmdfdGFnIjoiRkVFRC5iZXN0X2ltYWdlX3VybGdlbi5DMyJ9&amp;_nc_ohc=UrXREFYbzzYQ7kNvwE9nKYe&amp;_nc_oc=Adr2Fqbi-WMPHtjSSn1VZkoUxq_xnIBBKRMTLwOIE9dEDlpPw5hdxCfBUuR_Io56tuo&amp;_nc_zt=23&amp;_nc_ht=scontent-fra5-2.cdninstagram.com&amp;edm=ANo9K5cEAAAA&amp;_nc_gid=NyE5INrE2FzNfUIzSHwBwg&amp;_nc_tpa=Q5bMBQFyKQrO98ICPOzYlRz5dcuzB9LFe4hei42mGmo6VRKSg-GaQX98Y4whxdASClNbUvDTs0kUBNEZfw&amp;oh=00_Af1SSGKKlu3jpe3jNQLeRPbpKwMHBOGItrejZ4y4IPgPHg&amp;oe=69E8B30E&quot;,&quot;150&quot;:&quot;https:\\\/\\\/scontent-fra5-2.cdninstagram.com\\\/v\\\/t51.82787-15\\\/670073273_18263796457295797_5999761336342653368_n.webp?stp=dst-jpg_e35_tt6&amp;_nc_cat=109&amp;ccb=7-5&amp;_nc_sid=18de74&amp;efg=eyJlZmdfdGFnIjoiRkVFRC5iZXN0X2ltYWdlX3VybGdlbi5DMyJ9&amp;_nc_ohc=UrXREFYbzzYQ7kNvwE9nKYe&amp;_nc_oc=Adr2Fqbi-WMPHtjSSn1VZkoUxq_xnIBBKRMTLwOIE9dEDlpPw5hdxCfBUuR_Io56tuo&amp;_nc_zt=23&amp;_nc_ht=scontent-fra5-2.cdninstagram.com&amp;edm=ANo9K5cEAAAA&amp;_nc_gid=NyE5INrE2FzNfUIzSHwBwg&amp;_nc_tpa=Q5bMBQFyKQrO98ICPOzYlRz5dcuzB9LFe4hei42mGmo6VRKSg-GaQX98Y4whxdASClNbUvDTs0kUBNEZfw&amp;oh=00_Af1SSGKKlu3jpe3jNQLeRPbpKwMHBOGItrejZ4y4IPgPHg&amp;oe=69E8B30E&quot;,&quot;320&quot;:&quot;https:\\\/\\\/scontent-fra5-2.cdninstagram.com\\\/v\\\/t51.82787-15\\\/670073273_18263796457295797_5999761336342653368_n.webp?stp=dst-jpg_e35_tt6&amp;_nc_cat=109&amp;ccb=7-5&amp;_nc_sid=18de74&amp;efg=eyJlZmdfdGFnIjoiRkVFRC5iZXN0X2ltYWdlX3VybGdlbi5DMyJ9&amp;_nc_ohc=UrXREFYbzzYQ7kNvwE9nKYe&amp;_nc_oc=Adr2Fqbi-WMPHtjSSn1VZkoUxq_xnIBBKRMTLwOIE9dEDlpPw5hdxCfBUuR_Io56tuo&amp;_nc_zt=23&amp;_nc_ht=scontent-fra5-2.cdninstagram.com&amp;edm=ANo9K5cEAAAA&amp;_nc_gid=NyE5INrE2FzNfUIzSHwBwg&amp;_nc_tpa=Q5bMBQFyKQrO98ICPOzYlRz5dcuzB9LFe4hei42mGmo6VRKSg-GaQX98Y4whxdASClNbUvDTs0kUBNEZfw&amp;oh=00_Af1SSGKKlu3jpe3jNQLeRPbpKwMHBOGItrejZ4y4IPgPHg&amp;oe=69E8B30E&quot;,&quot;640&quot;:&quot;https:\\\/\\\/scontent-fra5-2.cdninstagram.com\\\/v\\\/t51.82787-15\\\/670073273_18263796457295797_5999761336342653368_n.webp?stp=dst-jpg_e35_tt6&amp;_nc_cat=109&amp;ccb=7-5&amp;_nc_sid=18de74&amp;efg=eyJlZmdfdGFnIjoiRkVFRC5iZXN0X2ltYWdlX3VybGdlbi5DMyJ9&amp;_nc_ohc=UrXREFYbzzYQ7kNvwE9nKYe&amp;_nc_oc=Adr2Fqbi-WMPHtjSSn1VZkoUxq_xnIBBKRMTLwOIE9dEDlpPw5hdxCfBUuR_Io56tuo&amp;_nc_zt=23&amp;_nc_ht=scontent-fra5-2.cdninstagram.com&amp;edm=ANo9K5cEAAAA&amp;_nc_gid=NyE5INrE2FzNfUIzSHwBwg&amp;_nc_tpa=Q5bMBQFyKQrO98ICPOzYlRz5dcuzB9LFe4hei42mGmo6VRKSg-GaQX98Y4whxdASClNbUvDTs0kUBNEZfw&amp;oh=00_Af1SSGKKlu3jpe3jNQLeRPbpKwMHBOGItrejZ4y4IPgPHg&amp;oe=69E8B30E&quot;}\">\n            <span class=\"sbi-screenreader\">\ud83c\udf77 Oggauer Weingl\u00fcck \u2013 1. Maiwochenende \ud83c\udf77\n<\/span>\n            \t                    <img decoding=\"async\" src=\"https:\/\/www.oggau.at\/tourismus\/wp-content\/plugins\/instagram-feed\/img\/placeholder.png\" alt=\"\ud83c\udf77 Oggauer Weingl\u00fcck \u2013 1. Maiwochenende \ud83c\udf77\n\nAm 1. &amp; 2. Mai, jeweils von 14\u201319 Uhr, \u00f6ffnen die Oggauer Weinbaubetriebe und der Hofladen ihre T\u00fcren und laden zum Genie\u00dfen ein! Freut euch auf vielf\u00e4ltige Weinverkostungen, spannende K\u00fcnstlerausstellungen und regionale Schmankerl in besonderer Atmosph\u00e4re.\n\n\ud83c\udf9f\ufe0f Eintritt: \u20ac 30\ninkl. Weineinkaufsgutschein im Wert von \u20ac 15\n\nKommt vorbei und erlebt Wein, Kunst &amp; Genuss in Oggau! \ud83c\udf47\">\n        <\/a>\n    <\/div>\n<\/div><div class=\"sbi_item sbi_type_carousel sbi_new sbi_transition\" id=\"sbi_17956173501094213\" data-date=\"1775896359\">\n    <div class=\"sbi_photo_wrap\">\n        <a class=\"sbi_photo\" href=\"https:\/\/www.instagram.com\/p\/DW_Bu0ziPnJ\/\" target=\"_blank\" rel=\"noopener nofollow\" data-full-res=\"https:\/\/scontent-fra5-1.cdninstagram.com\/v\/t51.82787-15\/670814592_18263604217295797_3021889507225741980_n.webp?stp=dst-jpg_e35_tt6&#038;_nc_cat=100&#038;ccb=7-5&#038;_nc_sid=18de74&#038;efg=eyJlZmdfdGFnIjoiQ0FST1VTRUxfSVRFTS5iZXN0X2ltYWdlX3VybGdlbi5DMyJ9&#038;_nc_ohc=Qv9z7C456fkQ7kNvwGoLwc5&#038;_nc_oc=AdqVhOmt9qB5vrg2Cjg0EAh6UraWgVAB1MVAFHpPdNckOZC-KoqPh0_rCqlsJZ5Y1io&#038;_nc_zt=23&#038;_nc_ht=scontent-fra5-1.cdninstagram.com&#038;edm=ANo9K5cEAAAA&#038;_nc_gid=NyE5INrE2FzNfUIzSHwBwg&#038;_nc_tpa=Q5bMBQHdW-fVMWvWOxpPWzxa9z4-FBgm3UJ_maSb3b9OsFSZhIO9wR7b41w0kXRcdv_OqTahq5MLyu7QKA&#038;oh=00_Af3tfEmXQRjd9FoRuCLFK11Mq8cyR5xleovVHSCnToj4SQ&#038;oe=69E8A7F0\" data-img-src-set=\"{&quot;d&quot;:&quot;https:\\\/\\\/scontent-fra5-1.cdninstagram.com\\\/v\\\/t51.82787-15\\\/670814592_18263604217295797_3021889507225741980_n.webp?stp=dst-jpg_e35_tt6&amp;_nc_cat=100&amp;ccb=7-5&amp;_nc_sid=18de74&amp;efg=eyJlZmdfdGFnIjoiQ0FST1VTRUxfSVRFTS5iZXN0X2ltYWdlX3VybGdlbi5DMyJ9&amp;_nc_ohc=Qv9z7C456fkQ7kNvwGoLwc5&amp;_nc_oc=AdqVhOmt9qB5vrg2Cjg0EAh6UraWgVAB1MVAFHpPdNckOZC-KoqPh0_rCqlsJZ5Y1io&amp;_nc_zt=23&amp;_nc_ht=scontent-fra5-1.cdninstagram.com&amp;edm=ANo9K5cEAAAA&amp;_nc_gid=NyE5INrE2FzNfUIzSHwBwg&amp;_nc_tpa=Q5bMBQHdW-fVMWvWOxpPWzxa9z4-FBgm3UJ_maSb3b9OsFSZhIO9wR7b41w0kXRcdv_OqTahq5MLyu7QKA&amp;oh=00_Af3tfEmXQRjd9FoRuCLFK11Mq8cyR5xleovVHSCnToj4SQ&amp;oe=69E8A7F0&quot;,&quot;150&quot;:&quot;https:\\\/\\\/scontent-fra5-1.cdninstagram.com\\\/v\\\/t51.82787-15\\\/670814592_18263604217295797_3021889507225741980_n.webp?stp=dst-jpg_e35_tt6&amp;_nc_cat=100&amp;ccb=7-5&amp;_nc_sid=18de74&amp;efg=eyJlZmdfdGFnIjoiQ0FST1VTRUxfSVRFTS5iZXN0X2ltYWdlX3VybGdlbi5DMyJ9&amp;_nc_ohc=Qv9z7C456fkQ7kNvwGoLwc5&amp;_nc_oc=AdqVhOmt9qB5vrg2Cjg0EAh6UraWgVAB1MVAFHpPdNckOZC-KoqPh0_rCqlsJZ5Y1io&amp;_nc_zt=23&amp;_nc_ht=scontent-fra5-1.cdninstagram.com&amp;edm=ANo9K5cEAAAA&amp;_nc_gid=NyE5INrE2FzNfUIzSHwBwg&amp;_nc_tpa=Q5bMBQHdW-fVMWvWOxpPWzxa9z4-FBgm3UJ_maSb3b9OsFSZhIO9wR7b41w0kXRcdv_OqTahq5MLyu7QKA&amp;oh=00_Af3tfEmXQRjd9FoRuCLFK11Mq8cyR5xleovVHSCnToj4SQ&amp;oe=69E8A7F0&quot;,&quot;320&quot;:&quot;https:\\\/\\\/scontent-fra5-1.cdninstagram.com\\\/v\\\/t51.82787-15\\\/670814592_18263604217295797_3021889507225741980_n.webp?stp=dst-jpg_e35_tt6&amp;_nc_cat=100&amp;ccb=7-5&amp;_nc_sid=18de74&amp;efg=eyJlZmdfdGFnIjoiQ0FST1VTRUxfSVRFTS5iZXN0X2ltYWdlX3VybGdlbi5DMyJ9&amp;_nc_ohc=Qv9z7C456fkQ7kNvwGoLwc5&amp;_nc_oc=AdqVhOmt9qB5vrg2Cjg0EAh6UraWgVAB1MVAFHpPdNckOZC-KoqPh0_rCqlsJZ5Y1io&amp;_nc_zt=23&amp;_nc_ht=scontent-fra5-1.cdninstagram.com&amp;edm=ANo9K5cEAAAA&amp;_nc_gid=NyE5INrE2FzNfUIzSHwBwg&amp;_nc_tpa=Q5bMBQHdW-fVMWvWOxpPWzxa9z4-FBgm3UJ_maSb3b9OsFSZhIO9wR7b41w0kXRcdv_OqTahq5MLyu7QKA&amp;oh=00_Af3tfEmXQRjd9FoRuCLFK11Mq8cyR5xleovVHSCnToj4SQ&amp;oe=69E8A7F0&quot;,&quot;640&quot;:&quot;https:\\\/\\\/scontent-fra5-1.cdninstagram.com\\\/v\\\/t51.82787-15\\\/670814592_18263604217295797_3021889507225741980_n.webp?stp=dst-jpg_e35_tt6&amp;_nc_cat=100&amp;ccb=7-5&amp;_nc_sid=18de74&amp;efg=eyJlZmdfdGFnIjoiQ0FST1VTRUxfSVRFTS5iZXN0X2ltYWdlX3VybGdlbi5DMyJ9&amp;_nc_ohc=Qv9z7C456fkQ7kNvwGoLwc5&amp;_nc_oc=AdqVhOmt9qB5vrg2Cjg0EAh6UraWgVAB1MVAFHpPdNckOZC-KoqPh0_rCqlsJZ5Y1io&amp;_nc_zt=23&amp;_nc_ht=scontent-fra5-1.cdninstagram.com&amp;edm=ANo9K5cEAAAA&amp;_nc_gid=NyE5INrE2FzNfUIzSHwBwg&amp;_nc_tpa=Q5bMBQHdW-fVMWvWOxpPWzxa9z4-FBgm3UJ_maSb3b9OsFSZhIO9wR7b41w0kXRcdv_OqTahq5MLyu7QKA&amp;oh=00_Af3tfEmXQRjd9FoRuCLFK11Mq8cyR5xleovVHSCnToj4SQ&amp;oe=69E8A7F0&quot;}\">\n            <span class=\"sbi-screenreader\">Losradeln 11.+12. April 2026 - 8 Gemeinden - 8 Gen<\/span>\n            <svg class=\"svg-inline--fa fa-clone fa-w-16 sbi_lightbox_carousel_icon\" aria-hidden=\"true\" aria-label=\"Clone\" data-fa-pro\u0192cessed=\"\" data-prefix=\"far\" data-icon=\"clone\" role=\"img\" xmlns=\"http:\/\/www.w3.org\/2000\/svg\" viewBox=\"0 0 512 512\">\n\t                <path fill=\"currentColor\" d=\"M464 0H144c-26.51 0-48 21.49-48 48v48H48c-26.51 0-48 21.49-48 48v320c0 26.51 21.49 48 48 48h320c26.51 0 48-21.49 48-48v-48h48c26.51 0 48-21.49 48-48V48c0-26.51-21.49-48-48-48zM362 464H54a6 6 0 0 1-6-6V150a6 6 0 0 1 6-6h42v224c0 26.51 21.49 48 48 48h224v42a6 6 0 0 1-6 6zm96-96H150a6 6 0 0 1-6-6V54a6 6 0 0 1 6-6h308a6 6 0 0 1 6 6v308a6 6 0 0 1-6 6z\"><\/path>\n\t            <\/svg>\t                    <img decoding=\"async\" src=\"https:\/\/www.oggau.at\/tourismus\/wp-content\/plugins\/instagram-feed\/img\/placeholder.png\" alt=\"Losradeln 11.+12. April 2026 - 8 Gemeinden - 8 Genussorte\nStation Oggau Gasthaus @monikagmasz\n\nKommt vorbei! Wir freuen uns auf euch!\">\n        <\/a>\n    <\/div>\n<\/div>    <\/div>\n\n\t<div id=\"sbi_load\" >\n\n\t\n\t\n<\/div>\n\n\t    <span class=\"sbi_resized_image_data\" data-feed-id=\"*1\" data-resized=\"{&quot;17956173501094213&quot;:{&quot;id&quot;:&quot;670814592_18263604217295797_3021889507225741980_n&quot;,&quot;ratio&quot;:&quot;1.00&quot;,&quot;sizes&quot;:{&quot;full&quot;:640,&quot;low&quot;:320,&quot;thumb&quot;:150},&quot;extension&quot;:&quot;.webp&quot;},&quot;18087543548604809&quot;:{&quot;id&quot;:&quot;670073273_18263796457295797_5999761336342653368_n&quot;,&quot;ratio&quot;:&quot;1.00&quot;,&quot;sizes&quot;:{&quot;full&quot;:640,&quot;low&quot;:320,&quot;thumb&quot;:150},&quot;extension&quot;:&quot;.webp&quot;},&quot;18003882275873323&quot;:{&quot;id&quot;:&quot;671174040_18264169798295797_3130801963355808117_n&quot;,&quot;ratio&quot;:&quot;0.99&quot;,&quot;sizes&quot;:{&quot;full&quot;:640,&quot;low&quot;:320,&quot;thumb&quot;:150},&quot;extension&quot;:&quot;.webp&quot;}}\">\n\t<\/span>\n\t<\/div>\n\n[\/vc_column_text][\/vc_column][\/vc_row]<\/p>\n","protected":false},"excerpt":{"rendered":"<p>[vc_row][vc_column][vc_column_text] HERZLICH WILLKOMMEN Lassen Sie sich von der burgenl\u00e4ndischen Landschaft verzaubern, genie\u00dfen Sie die Urlaubsvorfreude und lassen Sie sich von uns bei Ihrem n\u00e4chsten Besuch in unserem wundersch\u00f6nen Oggau am Neusiedler See verw\u00f6hnen.[\/vc_column_text][\/vc_column][\/vc_row][vc_row][vc_column width=&#8220;1\/3&#8243;][vc_single_image image=&#8220;478&#8243; img_size=&#8220;full&#8220; css=&#8220;.vc_custom_1652691431546{margin-bottom: 0px !important;}&#8220;][vc_column_text] NATUR &amp; KULTUR RADERLEBNIS AM NEUSIEDLER SEE Oggau liegt am Radweg Neusiedler See (B10) dieser z\u00e4hlt [&hellip;]<\/p>\n","protected":false},"author":1,"featured_media":8,"parent":0,"menu_order":0,"comment_status":"closed","ping_status":"closed","template":"","meta":{"ocean_post_layout":"","ocean_both_sidebars_style":"","ocean_both_sidebars_content_width":0,"ocean_both_sidebars_sidebars_width":0,"ocean_sidebar":"0","ocean_second_sidebar":"0","ocean_disable_margins":"enable","ocean_add_body_class":"","ocean_shortcode_before_top_bar":"","ocean_shortcode_after_top_bar":"","ocean_shortcode_before_header":"","ocean_shortcode_after_header":"","ocean_has_shortcode":"","ocean_shortcode_after_title":"","ocean_shortcode_before_footer_widgets":"","ocean_shortcode_after_footer_widgets":"","ocean_shortcode_before_footer_bottom":"","ocean_shortcode_after_footer_bottom":"","ocean_display_top_bar":"default","ocean_display_header":"default","ocean_header_style":"","ocean_center_header_left_menu":"0","ocean_custom_header_template":"0","ocean_custom_logo":0,"ocean_custom_retina_logo":0,"ocean_custom_logo_max_width":0,"ocean_custom_logo_tablet_max_width":0,"ocean_custom_logo_mobile_max_width":0,"ocean_custom_logo_max_height":0,"ocean_custom_logo_tablet_max_height":0,"ocean_custom_logo_mobile_max_height":0,"ocean_header_custom_menu":"0","ocean_menu_typo_font_family":"0","ocean_menu_typo_font_subset":"","ocean_menu_typo_font_size":0,"ocean_menu_typo_font_size_tablet":0,"ocean_menu_typo_font_size_mobile":0,"ocean_menu_typo_font_size_unit":"px","ocean_menu_typo_font_weight":"","ocean_menu_typo_font_weight_tablet":"","ocean_menu_typo_font_weight_mobile":"","ocean_menu_typo_transform":"","ocean_menu_typo_transform_tablet":"","ocean_menu_typo_transform_mobile":"","ocean_menu_typo_line_height":0,"ocean_menu_typo_line_height_tablet":0,"ocean_menu_typo_line_height_mobile":0,"ocean_menu_typo_line_height_unit":"","ocean_menu_typo_spacing":0,"ocean_menu_typo_spacing_tablet":0,"ocean_menu_typo_spacing_mobile":0,"ocean_menu_typo_spacing_unit":"","ocean_menu_link_color":"","ocean_menu_link_color_hover":"","ocean_menu_link_color_active":"","ocean_menu_link_background":"","ocean_menu_link_hover_background":"","ocean_menu_link_active_background":"","ocean_menu_social_links_bg":"","ocean_menu_social_hover_links_bg":"","ocean_menu_social_links_color":"","ocean_menu_social_hover_links_color":"","ocean_disable_title":"default","ocean_disable_heading":"default","ocean_post_title":"","ocean_post_subheading":"","ocean_post_title_style":"","ocean_post_title_background_color":"","ocean_post_title_background":0,"ocean_post_title_bg_image_position":"","ocean_post_title_bg_image_attachment":"","ocean_post_title_bg_image_repeat":"","ocean_post_title_bg_image_size":"","ocean_post_title_height":0,"ocean_post_title_bg_overlay":0.5,"ocean_post_title_bg_overlay_color":"","ocean_disable_breadcrumbs":"default","ocean_breadcrumbs_color":"","ocean_breadcrumbs_separator_color":"","ocean_breadcrumbs_links_color":"","ocean_breadcrumbs_links_hover_color":"","ocean_display_footer_widgets":"default","ocean_display_footer_bottom":"default","ocean_custom_footer_template":"0","footnotes":"","_links_to":"","_links_to_target":""},"_links":{"self":[{"href":"https:\/\/www.oggau.at\/tourismus\/wp-json\/wp\/v2\/pages\/7"}],"collection":[{"href":"https:\/\/www.oggau.at\/tourismus\/wp-json\/wp\/v2\/pages"}],"about":[{"href":"https:\/\/www.oggau.at\/tourismus\/wp-json\/wp\/v2\/types\/page"}],"author":[{"embeddable":true,"href":"https:\/\/www.oggau.at\/tourismus\/wp-json\/wp\/v2\/users\/1"}],"replies":[{"embeddable":true,"href":"https:\/\/www.oggau.at\/tourismus\/wp-json\/wp\/v2\/comments?post=7"}],"version-history":[{"count":11,"href":"https:\/\/www.oggau.at\/tourismus\/wp-json\/wp\/v2\/pages\/7\/revisions"}],"predecessor-version":[{"id":527,"href":"https:\/\/www.oggau.at\/tourismus\/wp-json\/wp\/v2\/pages\/7\/revisions\/527"}],"wp:featuredmedia":[{"embeddable":true,"href":"https:\/\/www.oggau.at\/tourismus\/wp-json\/wp\/v2\/media\/8"}],"wp:attachment":[{"href":"https:\/\/www.oggau.at\/tourismus\/wp-json\/wp\/v2\/media?parent=7"}],"curies":[{"name":"wp","href":"https:\/\/api.w.org\/{rel}","templated":true}]}}